{"id":2801,"date":"2020-12-03T10:24:04","date_gmt":"2020-12-03T10:24:04","guid":{"rendered":"http:\/\/masterrobotica.umh.es\/?page_id=2801"},"modified":"2021-04-21T08:55:34","modified_gmt":"2021-04-21T08:55:34","slug":"seminarios-202021","status":"publish","type":"page","link":"https:\/\/masterrobotica.umh.es\/en\/seminarios-y-conferencias\/seminarios-202021\/","title":{"rendered":"Seminarios 2020\/21"},"content":{"rendered":"<p><\/p>\n<h1>Espacios de trabajo en robots manipuladores: tipos y m\u00e9todos de c\u00e1lculo<\/h1>\n<p>(jueves 6 de mayo de 2021)<\/p>\n<p><em><strong>Planificaci\u00f3n<\/strong><\/em><\/p>\n<p>El\u00a0jueves\u00a06 de mayo de 2021, se impartir\u00e1 la conferencia &#8220;Espacios de trabajo en robots manipuladores: tipos y m\u00e9todos de c\u00e1lculo&#8221;\u00a0a cargo del Dr. Adri\u00e1n Peidr\u00f3 Vidal, profesor de la Universidad Miguel Hern\u00e1ndez de Elche,\u00a0en formato online. El plazo de inscripci\u00f3n es el 3 de mayo de 2021 (incluido)<\/p>\n<p><a href=\"http:\/\/masterrobotica.umh.es\/files\/2016\/10\/Adrian.png\"><img loading=\"lazy\" class=\"alignright size-thumbnail wp-image-300\" src=\"http:\/\/masterrobotica.umh.es\/files\/2016\/10\/Adrian-150x150.png\" alt=\"Adrian\" width=\"150\" height=\"150\" srcset=\"https:\/\/masterrobotica.umh.es\/files\/2016\/10\/Adrian-150x150.png 150w, https:\/\/masterrobotica.umh.es\/files\/2016\/10\/Adrian.png 281w\" sizes=\"(max-width: 150px) 100vw, 150px\" \/><\/a><\/p>\n<p><em><strong>Ponente invitado<\/strong><\/em><\/p>\n<p>El Dr.\u00a0<b>Adri\u00e1n Peidr\u00f3 Vidal<\/b>\u00a0es profesor de la Universidad Miguel Hern\u00e1ndez de Elche y profesor del Master en Rob\u00f3tica<\/p>\n<p><a href=\"https:\/\/forms.gle\/SMCmL6nRFHKT3Tjq7\" target=\"_blank\">Enlace de\u00a0inscripci\u00f3n<\/a><\/p>\n<h1><\/h1>\n<h1><\/h1>\n<h1><\/h1>\n<h1>La teor\u00eda de Tornillos como una mejor Matem\u00e1tica para la Mec\u00e1nica de Robots<\/h1>\n<p>(21 de\u00a0abril de 2021)<\/p>\n<p><em><strong>Planificaci\u00f3n<\/strong><\/em><\/p>\n<p>El\u00a0mi\u00e9rcoles 21 de\u00a0abril de 2021, se impartir\u00e1 la conferencia &#8220;La teor\u00eda de tornillos como una mejor matem\u00e1tica para la mec\u00e1nica de robots&#8221;\u00a0a cargo del Dr. Jos\u00e9 M. Pardos-Gotor, de ENEL a las 18:00 h. en\u00a0la\u00a0plataforma Zoom<\/p>\n<p><img loading=\"lazy\" class=\"alignright size-thumbnail wp-image-2875\" src=\"http:\/\/masterrobotica.umh.es\/files\/2020\/12\/251231_Foto_Dr-Pardos-Gotor-150x150.jpg\" alt=\"251231_Foto_Dr Pardos-Gotor\" width=\"150\" height=\"150\" \/><\/p>\n<p><em><strong>Ponente invitado<\/strong><\/em><\/p>\n<p>El Dr.\u00a0<strong>Jos\u00e9 M. Pardos-Gotor<\/strong>\u00a0tiene una extensa carrera internacional en la industria energ\u00e9tica. Trabaja para el grupo multinacional Enel y ha desarrollado proyectos en Europa y Am\u00e9rica Latina en Gesti\u00f3n del Cambio, Sostenibilidad, Innovaci\u00f3n, I+D,\u00a0Comercio de Materias Primas, Gesti\u00f3n de Mercados y Generaci\u00f3n de Energ\u00eda.<br \/>\nEl Dr. Jos\u00e9 M. Pardos-Gotor obtuvo su doctorado en Ingenier\u00eda de Sistemas por la Universidad Carlos III de Madrid (UC3M), donde ha sido profesor asociado. Sus \u00e1reas de trabajo e investigaci\u00f3n son los sistemas de producci\u00f3n, automatizaci\u00f3n industrial y sobre todo ROB\u00d3TICA. Ha trabajado en programas nacionales y publicado sobre mec\u00e1nica rob\u00f3tica. Adem\u00e1s, ha\u00a0organizado varios tutoriales en congresos internacionales (e.g., IEEE \/ RSJ IROS) centrados en la Teor\u00eda de tornillos (Screw Theory) para rob\u00f3tica.<\/p>\n<p><a href=\"https:\/\/us02web.zoom.us\/j\/81372676968?pwd=RkNWRlRkNnc2bHFRZ2hqYkk5WFBmdz09\">Enlace de la plataforma<\/a><\/p>\n<h1><\/h1>\n<h1>Una mirada pr\u00e1ctica a las aplicaciones de visi\u00f3n y rob\u00f3tica en la industria<\/h1>\n<p>(1 de marzo de 2021)<\/p>\n<p><em><strong>Planificaci\u00f3n<\/strong><\/em><\/p>\n<p>El\u00a0lunes 1 de marzo\u00a0de 2021, se impartir\u00e1 la conferencia &#8220;Una mirada pr\u00e1ctica a las aplicaciones de visi\u00f3n y rob\u00f3tica en la industria&#8221;\u00a0a cargo de D. Jos\u00e9 Do\u00f1ate Alfaro y del Dr. Aiman Alabdo, CEO e investigador de Autom\u00e1tica y Control Num\u00e9rico (AyCN), a las 17:30 h. en\u00a0la sala de Google Meet\u00a0<a href=\"https:\/\/meet.google.com\/mxo-refk-hce?hs=122&amp;authuser=0\">https:\/\/meet.google.com\/mxo-refk-hce?hs=122&amp;authuser=0<\/a><\/p>\n<p><a href=\"http:\/\/masterrobotica.umh.es\/files\/2020\/12\/AyCN.png\"><img class=\"alignright size-medium wp-image-2095\" src=\"http:\/\/masterrobotica.umh.es\/files\/2020\/12\/AyCN.png\" alt=\"Seminario AyCN\" height=\"300\" \/><\/a><\/p>\n<p><em><strong>Abstract<\/strong><\/em><br \/>\nAutom\u00e1tica y Control Num\u00e9rico, AyCN, es una empresa dedicada a la automatizaci\u00f3n que en los \u00faltimos a\u00f1os ha apostado firmemente en la introducci\u00f3n de la tecnolog\u00eda de visi\u00f3n artificial y rob\u00f3tica en el entorno industrial. Durante la conferencia, se comentar\u00e1n distintas aplicaciones pr\u00e1cticas desarrolladas por la empresa, as\u00ed como los nuevos retos que plantea el sector industrial<\/p>\n<p><em><strong>Ponente invitado<\/strong><\/em><br \/>\nJos\u00e9 Do\u00f1ate es CEO de AyCN, y el Dr. Aiman Alabdo es investigador y desarrollador de AyCN. (<a href=\"http:\/\/www.aycn.es\/\">http:\/\/www.aycn.es\/<\/a>)<\/p>\n<h1><\/h1>\n<h1>Latencias neurofisiol\u00f3gicas en el control motor voluntario: estado del arte y paradigmas innovadores de estimaciones no invasivas in-vivo<\/h1>\n<p>(25 de febrero de 2021)<\/p>\n<p><em><strong>Planificaci\u00f3n<\/strong><\/em><\/p>\n<p>El jueves 25 de febrero de 2021, se impartir\u00e1 la conferencia Latencias neurofisiol\u00f3gicas en el control motor voluntario: estado del arte y paradigmas innovadores de estimaciones no invasivas in-vivo, a cargo del Prof. Dr. Andr\u00e9s \u00dabeda Castellanos, Investigador del grupo Human Robotics y Profesor Titular de la Universidad de Alicante, a las 17:30 h. en\u00a0la sala de Google Meet <a href=\"https:\/\/universite.umh.es\/meet\/ccCAa_gDjE\">https:\/\/universite.umh.es\/meet\/ccCAa_gDjE<\/a><\/p>\n<p>Enlace de inscripci\u00f3n:\u00a0\u00a0<a href=\"http:\/\/shorturl.at\/jvzHX\" target=\"_blank\">shorturl.at\/jvzHX<\/a><\/p>\n<p><em><strong>Abstract<\/strong><\/em><br \/>\nLos retardos neuromusculares son cr\u00edticos para el correcto funcionamiento del control motor. La caracterizaci\u00f3n de dichas latencias ha sido explorada extensamente de forma no invasiva. En este seminario se analizar\u00e1 la evaluaci\u00f3n y computaci\u00f3n de las latencias neurofisiol\u00f3gicas aplicando las t\u00e9cnicas m\u00e1s recientes en estimaciones no invasivas in-vivo mediante el an\u00e1laisis de se\u00f1ales EEG y EMG. Se presentar\u00e1n tambi\u00e9n las aplicaciones actuales y futuras para una estimaci\u00f3n adecuada y precisa de estos retardos, desde su uso en el diagn\u00f3stico cl\u00ednico de las condiciones motoras hasta su aplicaci\u00f3n en la rob\u00f3tica de rehabilitaci\u00f3n.<\/p>\n<p><a href=\"http:\/\/masterrobotica.umh.es\/files\/2020\/12\/AndresUbeda.png\"><img class=\"alignright size-medium wp-image-2095\" src=\"http:\/\/masterrobotica.umh.es\/files\/2020\/12\/AndresUbeda.png\" alt=\"Seminario_Carlos_Calafate_26-10\" height=\"300\" \/><\/a><br \/>\n<em><strong>Ponente invitado<\/strong><\/em><br \/>\n<strong>Andr\u00e9s \u00dabeda<\/strong> es profesor Titular de Universidad en el Departamento de F\u00edsica, Ingenier\u00eda de Sistemas y Teor\u00eda de la Se\u00f1al de la Universidad de Alicante (UA), miembro del grupo de investigaci\u00f3n HUman RObotics (HURO) y colaborador regular del Brain-Machine Interface Systems Lab (Universidad Miguel Hern\u00e1ndez, UMH). Es Ingeniero Industrial por la UMH (2009) y Doctor en Bioingenier\u00eda por la UMH (2014). Ha sido investigador visitante en el Defitech Chair in Non-Invasive Brain-Machine Interfaces (CNBI) en la EPFL (\u00c9cole polytechnique f\u00e9d\u00e9rale de Lausanne, Suiza) (Mayo-Julio 2013), en el Institute of Neurorehabilitation Systems (Universit\u00e4tsmedizin G\u00f6ttingen, Alemania) (Sep 2015-Sep 2016) y en el Neuromechanics and Rehabilitation Technology Group (Dept. de Bioingenier\u00eda, Imperial College, Londres, UK) (Junio-Julio 2019)<\/p>\n<h1><\/h1>\n<h1>Soluciones para aeronaves no tripuladas basadas en comunicaciones inal\u00e1mbricas<\/h1>\n<p>(4 de\u00a0diciembre de 2020)<\/p>\n<p><em><strong>Planificaci\u00f3n<\/strong><\/em><\/p>\n<p>El viernes 4 de\u00a0diciembre de 2020 , se impartir\u00e1 la conferencia Soluciones para aeronaves no tripuladas basadas en comunicaciones inal\u00e1mbricas, a cargo del Prof. Dr. Carlos Tavares Calafate, a las 15:00 h. en\u00a0la sala de Google Meet\u00a0<a href=\"https:\/\/meet.google.com\/vjj-awqk-nfo\" target=\"_blank\">https:\/\/meet.google.com\/vjj-awqk-nfo<\/a><\/p>\n<p><em><strong>Abstract<\/strong><\/em><br \/>\nEn esta\u00a0conferencia se har\u00e1 una introducci\u00f3n a los veh\u00edculos a\u00e9reos no tripulados, detallando su funcionamiento, principales usos, prestaciones y temas legales. A continuaci\u00f3n, se presentar\u00e1n diferentes aplicaciones y sistemas desarrollados en el grupo de investigaci\u00f3n del ponente que, usando comunicaciones inal\u00e1mbricas, permiten crear enjambres y evitar colisiones entre drones, entre otros.<\/p>\n<p style=\"text-align: left;\"><em><strong>Ponente invitado<\/strong><\/em><\/p>\n<p><a href=\"http:\/\/masterrobotica.umh.es\/files\/2017\/09\/Seminario_Carlos_Calafate_26-10.jpg\"><img loading=\"lazy\" class=\"alignright size-medium wp-image-2095\" src=\"http:\/\/masterrobotica.umh.es\/files\/2017\/09\/Seminario_Carlos_Calafate_26-10-279x300.jpg\" alt=\"Seminario_Carlos_Calafate_26-10\" width=\"279\" height=\"300\" srcset=\"https:\/\/masterrobotica.umh.es\/files\/2017\/09\/Seminario_Carlos_Calafate_26-10-279x300.jpg 279w, https:\/\/masterrobotica.umh.es\/files\/2017\/09\/Seminario_Carlos_Calafate_26-10.jpg 371w\" sizes=\"(max-width: 279px) 100vw, 279px\" \/><\/a><\/p>\n<p style=\"text-align: justify;\">Carlos Tavares Calafate es profesor catedr\u00e1tico del<br \/>\nDepartamento de Inform\u00e1tica de Sistemas y Computadores<br \/>\n(DISCA) de la Universidad Polit\u00e9cnica de Valencia (UPV), Espa\u00f1a. Se<br \/>\ngradu\u00f3 con honores en Ingenier\u00eda Electrot\u00e9cnica y de<br \/>\nComputadores en la Universidad de Oporto (Portugal) en 2001.<br \/>\nObtuvo el doctorado en Inform\u00e1tica por la Universidad Polit\u00e9cnica<br \/>\nde Valencia en 2006, donde trabaja desde el 2002. Sus l\u00edneas de<br \/>\ninvestigaci\u00f3n incluyen redes ad-hoc y vehiculares, UAVs, Smart<br \/>\nCities &amp; IoT, QoS, protocolos de red, transmisi\u00f3n de video y<br \/>\nseguridad. Hasta la fecha, ha publicado m\u00e1s de 350 art\u00edculos, varios<br \/>\nde los cuales en revistas como IEEE Transactions on Vehicular<br \/>\nTechnology, IEEE Transactions on Mobile Computing, IEEE \/ ACM Transactions on Networking, Elsevier Ad hoc Networks y IEEE Communications Magazine. Es editor asociado de varias revistas internacionales y ha participado en el TPC de m\u00e1s de 250 conferencias internacionales. Es miembro fundador del IEEE SIG en Big Data with Computational Intelligence.<\/p>\n<p><\/p>","protected":false},"excerpt":{"rendered":"<p>Espacios de trabajo en robots manipuladores: tipos y m\u00e9todos de c\u00e1lculo (jueves 6 de mayo de 2021) Planificaci\u00f3n El\u00a0jueves\u00a06 de mayo de 2021, se impartir\u00e1 la conferencia &#8220;Espacios de trabajo en robots manipuladores: tipos y m\u00e9todos de c\u00e1lculo&#8221;\u00a0a cargo del Dr. Adri\u00e1n Peidr\u00f3 Vidal, profesor de la Universidad Miguel Hern\u00e1ndez de Elche,\u00a0en formato online. El [&hellip;]<\/p>\n","protected":false},"author":185,"featured_media":0,"parent":172,"menu_order":10,"comment_status":"open","ping_status":"open","template":"","meta":{"_et_pb_use_builder":"","_et_pb_old_content":"","_et_gb_content_width":"","_links_to":"","_links_to_target":""},"yoast_head":"<!-- This site is optimized with the Yoast SEO plugin v17.5 - https:\/\/yoast.com\/wordpress\/plugins\/seo\/ -->\n<title>Seminarios 2020\/21 - Master Universitario en Rob\u00f3tica<\/title>\n<meta name=\"robots\" content=\"index, follow, max-snippet:-1, max-image-preview:large, max-video-preview:-1\" \/>\n<link rel=\"canonical\" href=\"https:\/\/masterrobotica.umh.es\/es\/seminarios-y-conferencias\/seminarios-202021\/\" \/>\n<meta property=\"og:locale\" content=\"en_US\" \/>\n<meta property=\"og:type\" content=\"article\" \/>\n<meta property=\"og:title\" content=\"Seminarios 2020\/21 - Master Universitario en Rob\u00f3tica\" \/>\n<meta property=\"og:description\" content=\"Espacios de trabajo en robots manipuladores: tipos y m\u00e9todos de c\u00e1lculo (jueves 6 de mayo de 2021) Planificaci\u00f3n El\u00a0jueves\u00a06 de mayo de 2021, se impartir\u00e1 la conferencia &#8220;Espacios de trabajo en robots manipuladores: tipos y m\u00e9todos de c\u00e1lculo&#8221;\u00a0a cargo del Dr. Adri\u00e1n Peidr\u00f3 Vidal, profesor de la Universidad Miguel Hern\u00e1ndez de Elche,\u00a0en formato online. El [&hellip;]\" \/>\n<meta property=\"og:url\" content=\"https:\/\/masterrobotica.umh.es\/es\/seminarios-y-conferencias\/seminarios-202021\/\" \/>\n<meta property=\"og:site_name\" content=\"Master Universitario en Rob\u00f3tica\" \/>\n<meta property=\"article:modified_time\" content=\"2021-04-21T08:55:34+00:00\" \/>\n<meta property=\"og:image\" content=\"http:\/\/masterrobotica.umh.es\/files\/2016\/10\/Adrian-150x150.png\" \/>\n<meta name=\"twitter:card\" content=\"summary\" \/>\n<meta name=\"twitter:site\" content=\"@MRoboticaUMH\" \/>\n<meta name=\"twitter:label1\" content=\"Est. reading time\" \/>\n\t<meta name=\"twitter:data1\" content=\"11 minutes\" \/>\n<script type=\"application\/ld+json\" class=\"yoast-schema-graph\">{\"@context\":\"https:\/\/schema.org\",\"@graph\":[{\"@type\":\"Organization\",\"@id\":\"https:\/\/masterrobotica.umh.es\/es\/#organization\",\"name\":\"Universidad Miguel Hern\\u00e1ndez de Elche\",\"url\":\"https:\/\/masterrobotica.umh.es\/es\/\",\"sameAs\":[\"https:\/\/twitter.com\/MRoboticaUMH\"],\"logo\":{\"@type\":\"ImageObject\",\"@id\":\"https:\/\/masterrobotica.umh.es\/es\/#logo\",\"inLanguage\":\"en-US\",\"url\":\"http:\/\/masterrobotica.umh.es\/files\/2017\/04\/logo-umh.jpg\",\"contentUrl\":\"http:\/\/masterrobotica.umh.es\/files\/2017\/04\/logo-umh.jpg\",\"width\":328,\"height\":100,\"caption\":\"Universidad Miguel Hern\\u00e1ndez de Elche\"},\"image\":{\"@id\":\"https:\/\/masterrobotica.umh.es\/es\/#logo\"}},{\"@type\":\"WebSite\",\"@id\":\"https:\/\/masterrobotica.umh.es\/es\/#website\",\"url\":\"https:\/\/masterrobotica.umh.es\/es\/\",\"name\":\"Master Universitario en Rob\\u00f3tica\",\"description\":\"Universidad Miguel Hern\\u00e1ndez\",\"publisher\":{\"@id\":\"https:\/\/masterrobotica.umh.es\/es\/#organization\"},\"potentialAction\":[{\"@type\":\"SearchAction\",\"target\":{\"@type\":\"EntryPoint\",\"urlTemplate\":\"https:\/\/masterrobotica.umh.es\/es\/?s={search_term_string}\"},\"query-input\":\"required name=search_term_string\"}],\"inLanguage\":\"en-US\"},{\"@type\":\"ImageObject\",\"@id\":\"https:\/\/masterrobotica.umh.es\/es\/seminarios-y-conferencias\/seminarios-202021\/#primaryimage\",\"inLanguage\":\"en-US\",\"url\":\"http:\/\/masterrobotica.umh.es\/files\/2016\/10\/Adrian-150x150.png\",\"contentUrl\":\"http:\/\/masterrobotica.umh.es\/files\/2016\/10\/Adrian-150x150.png\"},{\"@type\":\"WebPage\",\"@id\":\"https:\/\/masterrobotica.umh.es\/es\/seminarios-y-conferencias\/seminarios-202021\/#webpage\",\"url\":\"https:\/\/masterrobotica.umh.es\/es\/seminarios-y-conferencias\/seminarios-202021\/\",\"name\":\"Seminarios 2020\/21 - Master Universitario en Rob\\u00f3tica\",\"isPartOf\":{\"@id\":\"https:\/\/masterrobotica.umh.es\/es\/#website\"},\"primaryImageOfPage\":{\"@id\":\"https:\/\/masterrobotica.umh.es\/es\/seminarios-y-conferencias\/seminarios-202021\/#primaryimage\"},\"datePublished\":\"2020-12-03T10:24:04+00:00\",\"dateModified\":\"2021-04-21T08:55:34+00:00\",\"breadcrumb\":{\"@id\":\"https:\/\/masterrobotica.umh.es\/es\/seminarios-y-conferencias\/seminarios-202021\/#breadcrumb\"},\"inLanguage\":\"en-US\",\"potentialAction\":[{\"@type\":\"ReadAction\",\"target\":[\"https:\/\/masterrobotica.umh.es\/es\/seminarios-y-conferencias\/seminarios-202021\/\"]}]},{\"@type\":\"BreadcrumbList\",\"@id\":\"https:\/\/masterrobotica.umh.es\/es\/seminarios-y-conferencias\/seminarios-202021\/#breadcrumb\",\"itemListElement\":[{\"@type\":\"ListItem\",\"position\":1,\"name\":\"Portada\",\"item\":\"https:\/\/masterrobotica.umh.es\/es\/\"},{\"@type\":\"ListItem\",\"position\":2,\"name\":\"Tec. Emergentes Inv. Robotica\",\"item\":\"https:\/\/masterrobotica.umh.es\/es\/seminarios-y-conferencias\/\"},{\"@type\":\"ListItem\",\"position\":3,\"name\":\"Seminarios 2020\/21\"}]}]}<\/script>\n<!-- \/ Yoast SEO plugin. -->","yoast_head_json":{"title":"Seminarios 2020\/21 - Master Universitario en Rob\u00f3tica","robots":{"index":"index","follow":"follow","max-snippet":"max-snippet:-1","max-image-preview":"max-image-preview:large","max-video-preview":"max-video-preview:-1"},"canonical":"https:\/\/masterrobotica.umh.es\/es\/seminarios-y-conferencias\/seminarios-202021\/","og_locale":"en_US","og_type":"article","og_title":"Seminarios 2020\/21 - Master Universitario en Rob\u00f3tica","og_description":"Espacios de trabajo en robots manipuladores: tipos y m\u00e9todos de c\u00e1lculo (jueves 6 de mayo de 2021) Planificaci\u00f3n El\u00a0jueves\u00a06 de mayo de 2021, se impartir\u00e1 la conferencia &#8220;Espacios de trabajo en robots manipuladores: tipos y m\u00e9todos de c\u00e1lculo&#8221;\u00a0a cargo del Dr. Adri\u00e1n Peidr\u00f3 Vidal, profesor de la Universidad Miguel Hern\u00e1ndez de Elche,\u00a0en formato online. El [&hellip;]","og_url":"https:\/\/masterrobotica.umh.es\/es\/seminarios-y-conferencias\/seminarios-202021\/","og_site_name":"Master Universitario en Rob\u00f3tica","article_modified_time":"2021-04-21T08:55:34+00:00","og_image":[{"url":"http:\/\/masterrobotica.umh.es\/files\/2016\/10\/Adrian-150x150.png"}],"twitter_card":"summary","twitter_site":"@MRoboticaUMH","twitter_misc":{"Est. reading time":"11 minutes"},"schema":{"@context":"https:\/\/schema.org","@graph":[{"@type":"Organization","@id":"https:\/\/masterrobotica.umh.es\/es\/#organization","name":"Universidad Miguel Hern\u00e1ndez de Elche","url":"https:\/\/masterrobotica.umh.es\/es\/","sameAs":["https:\/\/twitter.com\/MRoboticaUMH"],"logo":{"@type":"ImageObject","@id":"https:\/\/masterrobotica.umh.es\/es\/#logo","inLanguage":"en-US","url":"http:\/\/masterrobotica.umh.es\/files\/2017\/04\/logo-umh.jpg","contentUrl":"http:\/\/masterrobotica.umh.es\/files\/2017\/04\/logo-umh.jpg","width":328,"height":100,"caption":"Universidad Miguel Hern\u00e1ndez de Elche"},"image":{"@id":"https:\/\/masterrobotica.umh.es\/es\/#logo"}},{"@type":"WebSite","@id":"https:\/\/masterrobotica.umh.es\/es\/#website","url":"https:\/\/masterrobotica.umh.es\/es\/","name":"Master Universitario en Rob\u00f3tica","description":"Universidad Miguel Hern\u00e1ndez","publisher":{"@id":"https:\/\/masterrobotica.umh.es\/es\/#organization"},"potentialAction":[{"@type":"SearchAction","target":{"@type":"EntryPoint","urlTemplate":"https:\/\/masterrobotica.umh.es\/es\/?s={search_term_string}"},"query-input":"required name=search_term_string"}],"inLanguage":"en-US"},{"@type":"ImageObject","@id":"https:\/\/masterrobotica.umh.es\/es\/seminarios-y-conferencias\/seminarios-202021\/#primaryimage","inLanguage":"en-US","url":"http:\/\/masterrobotica.umh.es\/files\/2016\/10\/Adrian-150x150.png","contentUrl":"http:\/\/masterrobotica.umh.es\/files\/2016\/10\/Adrian-150x150.png"},{"@type":"WebPage","@id":"https:\/\/masterrobotica.umh.es\/es\/seminarios-y-conferencias\/seminarios-202021\/#webpage","url":"https:\/\/masterrobotica.umh.es\/es\/seminarios-y-conferencias\/seminarios-202021\/","name":"Seminarios 2020\/21 - Master Universitario en Rob\u00f3tica","isPartOf":{"@id":"https:\/\/masterrobotica.umh.es\/es\/#website"},"primaryImageOfPage":{"@id":"https:\/\/masterrobotica.umh.es\/es\/seminarios-y-conferencias\/seminarios-202021\/#primaryimage"},"datePublished":"2020-12-03T10:24:04+00:00","dateModified":"2021-04-21T08:55:34+00:00","breadcrumb":{"@id":"https:\/\/masterrobotica.umh.es\/es\/seminarios-y-conferencias\/seminarios-202021\/#breadcrumb"},"inLanguage":"en-US","potentialAction":[{"@type":"ReadAction","target":["https:\/\/masterrobotica.umh.es\/es\/seminarios-y-conferencias\/seminarios-202021\/"]}]},{"@type":"BreadcrumbList","@id":"https:\/\/masterrobotica.umh.es\/es\/seminarios-y-conferencias\/seminarios-202021\/#breadcrumb","itemListElement":[{"@type":"ListItem","position":1,"name":"Portada","item":"https:\/\/masterrobotica.umh.es\/es\/"},{"@type":"ListItem","position":2,"name":"Tec. Emergentes Inv. Robotica","item":"https:\/\/masterrobotica.umh.es\/es\/seminarios-y-conferencias\/"},{"@type":"ListItem","position":3,"name":"Seminarios 2020\/21"}]}]}},"_links":{"self":[{"href":"https:\/\/masterrobotica.umh.es\/en\/wp-json\/wp\/v2\/pages\/2801"}],"collection":[{"href":"https:\/\/masterrobotica.umh.es\/en\/wp-json\/wp\/v2\/pages"}],"about":[{"href":"https:\/\/masterrobotica.umh.es\/en\/wp-json\/wp\/v2\/types\/page"}],"author":[{"embeddable":true,"href":"https:\/\/masterrobotica.umh.es\/en\/wp-json\/wp\/v2\/users\/185"}],"replies":[{"embeddable":true,"href":"https:\/\/masterrobotica.umh.es\/en\/wp-json\/wp\/v2\/comments?post=2801"}],"version-history":[{"count":0,"href":"https:\/\/masterrobotica.umh.es\/en\/wp-json\/wp\/v2\/pages\/2801\/revisions"}],"up":[{"embeddable":true,"href":"https:\/\/masterrobotica.umh.es\/en\/wp-json\/wp\/v2\/pages\/172"}],"wp:attachment":[{"href":"https:\/\/masterrobotica.umh.es\/en\/wp-json\/wp\/v2\/media?parent=2801"}],"curies":[{"name":"wp","href":"https:\/\/api.w.org\/{rel}","templated":true}]}}