{"id":15,"date":"2016-03-02T12:46:32","date_gmt":"2016-03-02T12:46:32","guid":{"rendered":"http:\/\/masterrobotica.umh.es\/?page_id=15"},"modified":"2023-10-02T11:56:00","modified_gmt":"2023-10-02T11:56:00","slug":"calendario","status":"publish","type":"page","link":"https:\/\/masterrobotica.umh.es\/es\/calendario\/","title":{"rendered":"Calendario"},"content":{"rendered":"<p>[et_pb_section fb_built=\u00bb1&#8243; admin_label=\u00bbsection\u00bb _builder_version=\u00bb4.16&#8243; global_colors_info=\u00bb{}\u00bb collapsed=\u00bboff\u00bb][et_pb_row admin_label=\u00bbrow\u00bb _builder_version=\u00bb4.16&#8243; background_size=\u00bbinitial\u00bb background_position=\u00bbtop_left\u00bb background_repeat=\u00bbrepeat\u00bb global_colors_info=\u00bb{}\u00bb][et_pb_column type=\u00bb4_4&#8243; _builder_version=\u00bb4.16&#8243; custom_padding=\u00bb|||\u00bb global_colors_info=\u00bb{}\u00bb custom_padding__hover=\u00bb|||\u00bb][et_pb_text admin_label=\u00bbText\u00bb _builder_version=\u00bb4.17.4&#8243; background_size=\u00bbinitial\u00bb background_position=\u00bbtop_left\u00bb background_repeat=\u00bbrepeat\u00bb hover_enabled=\u00bb0&#8243; global_colors_info=\u00bb{}\u00bb sticky_enabled=\u00bb0&#8243;]<\/p>\n<p><\/p>\n<div id=\"stcpDiv\">\n<p><strong>Calendario acad\u00e9mico<\/strong>:<\/p>\n<hr style=\"color: #111111;background-color: #e7e7e7;height: 0.2rem;border: 0;width: 100%\" \/>\n<ul>\n<li>Calendario acad\u00e9mico aprobado por la Universidad Miguel Hern\u00e1ndez de Elche para el <a href=\"https:\/\/estudios.umh.es\/files\/2023\/06\/Calendario-23_-24-_definitivo.pdf\">curso 2023\/24<\/a><\/li>\n<li>Calendario acad\u00e9mico aprobado por la Universidad Miguel Hern\u00e1ndez de Elche para el <a href=\"https:\/\/estudios.umh.es\/files\/2022\/04\/Calendario-Acade%CC%81mico_22_23.pdf\">curso 2022\/23<\/a><\/li>\n<li>Calendario acad\u00e9mico aprobado por la Universidad Miguel Hern\u00e1ndez de Elche para el <a href=\"https:\/\/www.umh.es\/contenido\/Universidad\/:calendario\/datos_es.html?marcaTxtBusc=calendario%20academico%202021\" target=\"_blank\" rel=\"noopener\">curso 2021\/22<\/a><\/li>\n<li>Calendario acad\u00e9mico aprobado por la Universidad Miguel Hernandez para el <a href=\"https:\/\/estudios.umh.es\/files\/2020\/06\/Calendario-acad%C3%A9mico-UMH-2020-2021-web.pdf\" target=\"_blank\" rel=\"noopener\">curso 2020\/21<\/a><\/li>\n<li>Calendario acad\u00e9mico aprobado por la Universidad Miguel Hernandez para el <a href=\"http:\/\/estudios.umh.es\/files\/2019\/04\/Calendario-acad%C3%A9mico-UMH-2019-2020.pdf\" target=\"_blank\" rel=\"noopener\">curso 2019\/20<\/a> (aprobado por CG en sesi\u00f3n de 10 de abril de 2019)<\/li>\n<li>Calendario acad\u00e9mico aprobado por la Universidad Miguel Hernandez para el <a href=\"http:\/\/estudios.umh.es\/files\/2018\/06\/Calendario-acad%C3%A9mico-UMH-2018-2019.pdf\" target=\"_blank\" rel=\"noopener\">curso 2018\/19<\/a> (aprobado por CG en sesi\u00f3n de 26 de marzo de 2018)<\/li>\n<li>Calendario acad\u00e9mico aprobado por la Universidad Miguel Hernandez para el <a href=\"http:\/\/estudios.umh.es\/files\/2014\/03\/Calendario-acad\u00e9mico-UMH-2017-2018-definitivo.pdf\" target=\"_blank\" rel=\"noopener\">curso 2017\/18<\/a> (aprobado por CG en sesi\u00f3n de 29 de marzo de 2017)<\/li>\n<li>Calendario acad\u00e9mico aprobado por la Universidad Miguel Hernandez para el <a href=\"http:\/\/estudios.umh.es\/files\/2014\/03\/Calendario-acad\u00e9mico-UMH-2016-2017.pdf\" target=\"_blank\" rel=\"noopener\">curso 2016\/17<\/a> (aprobado por CG en sesi\u00f3n de 12 de marzo de 2016)<\/li>\n<\/ul>\n<p><strong><br \/>CALENDARIO MASTER EN ROB\u00d3TICA:<\/strong><\/p>\n<hr style=\"color: #111111;background-color: #e7e7e7;height: 0.2rem;border: 0;width: 100%\" \/>\n<p><strong>Aqu\u00ed<\/strong> puedes acceder al calendario detallado del M\u00e1ster<\/p>\n<ul>\n<li><a href=\"https:\/\/calendar.google.com\/calendar\/embed?src=masterrobotica%40goumh.umh.es&amp;ctz=Europe\/Madrid\" target=\"_blank\" rel=\"noopener\">Enlace HTML<\/a> (Google Calendar) para visualizarlo a trav\u00e9s del navegador<\/li>\n<\/ul>\n<p><strong>Calendario del M\u00e1ster en Rob\u00f3tica<\/strong><\/p>\n\n<!-- iframe plugin v.4.5 wordpress.org\/plugins\/iframe\/ -->\n<iframe loading=\"lazy\" src=\"https:\/\/calendar.google.com\/calendar\/embed?height=600&#038;wkst=1&#038;bgcolor=%23ffffff&#038;ctz=Europe%2FMadrid&#038;src=bWFzdGVycm9ib3RpY2FAdW1oLmVz&#038;color=%23cca300\" width=\"100%\" height=\"500\" scrolling=\"yes\" class=\"iframe-class\" frameborder=\"0\"><\/iframe>\n\n<\/div>\n<p><\/p>\n<p>[\/et_pb_text][\/et_pb_column][\/et_pb_row][\/et_pb_section]<\/p>","protected":false},"excerpt":{"rendered":"<p>Calendario acad\u00e9mico: Calendario acad\u00e9mico aprobado por la Universidad Miguel Hern\u00e1ndez de Elche para el curso 2023\/24 Calendario acad\u00e9mico aprobado por la Universidad Miguel Hern\u00e1ndez de Elche para el curso 2022\/23 Calendario acad\u00e9mico aprobado por la Universidad Miguel Hern\u00e1ndez de Elche para el curso 2021\/22 Calendario acad\u00e9mico aprobado por la Universidad Miguel Hernandez para el curso [&hellip;]<\/p>\n","protected":false},"author":185,"featured_media":0,"parent":0,"menu_order":4,"comment_status":"closed","ping_status":"closed","template":"","meta":{"_et_pb_use_builder":"on","_et_pb_old_content":"<div id=\"stcpDiv\">\r\n\r\n<strong>Calendario acad\u00e9mico<\/strong>:\r\n\r\n<hr style=\"color: #111111;background-color: #e7e7e7;height: 0.2rem;border: 0;width: 100%\" \/>\r\n\r\n<ul>\r\n \t<li>Calendario acad\u00e9mico aprobado por la Universidad Miguel Hern\u00e1ndez de Elche para el <a href=\"https:\/\/estudios.umh.es\/files\/2022\/04\/Calendario-Acade%CC%81mico_22_23.pdf\">curso 2022\/23<\/a><\/li>\r\n \t<li>Calendario acad\u00e9mico aprobado por la Universidad Miguel Hern\u00e1ndez de Elche para el <a href=\"https:\/\/www.umh.es\/contenido\/Universidad\/:calendario\/datos_es.html?marcaTxtBusc=calendario%20academico%202021\" target=\"_blank\" rel=\"noopener\">curso 2021\/22<\/a><\/li>\r\n \t<li>Calendario acad\u00e9mico aprobado por la Universidad Miguel Hernandez para el <a href=\"https:\/\/estudios.umh.es\/files\/2020\/06\/Calendario-acad%C3%A9mico-UMH-2020-2021-web.pdf\" target=\"_blank\" rel=\"noopener\">curso 2020\/21<\/a><\/li>\r\n \t<li>Calendario acad\u00e9mico aprobado por la Universidad Miguel Hernandez para el <a href=\"http:\/\/estudios.umh.es\/files\/2019\/04\/Calendario-acad%C3%A9mico-UMH-2019-2020.pdf\" target=\"_blank\" rel=\"noopener\">curso 2019\/20<\/a> (aprobado por CG en sesi\u00f3n de 10 de abril de 2019)<\/li>\r\n \t<li>Calendario acad\u00e9mico aprobado por la Universidad Miguel Hernandez para el <a href=\"http:\/\/estudios.umh.es\/files\/2018\/06\/Calendario-acad%C3%A9mico-UMH-2018-2019.pdf\" target=\"_blank\" rel=\"noopener\">curso 2018\/19<\/a> (aprobado por CG en sesi\u00f3n de 26 de marzo de 2018)<\/li>\r\n \t<li>Calendario acad\u00e9mico aprobado por la Universidad Miguel Hernandez para el <a href=\"http:\/\/estudios.umh.es\/files\/2014\/03\/Calendario-acad\u00e9mico-UMH-2017-2018-definitivo.pdf\" target=\"_blank\" rel=\"noopener\">curso 2017\/18<\/a> (aprobado por CG en sesi\u00f3n de 29 de marzo de 2017)<\/li>\r\n \t<li>Calendario acad\u00e9mico aprobado por la Universidad Miguel Hernandez para el <a href=\"http:\/\/estudios.umh.es\/files\/2014\/03\/Calendario-acad\u00e9mico-UMH-2016-2017.pdf\" target=\"_blank\" rel=\"noopener\">curso 2016\/17<\/a> (aprobado por CG en sesi\u00f3n de 12 de marzo de 2016)<\/li>\r\n<\/ul>\r\n<strong>\r\nCALENDARIO MASTER EN ROB\u00d3TICA:<\/strong>\r\n\r\n<hr style=\"color: #111111;background-color: #e7e7e7;height: 0.2rem;border: 0;width: 100%\" \/>\r\n\r\n<strong>Aqu\u00ed<\/strong> puedes acceder al calendario detallado del M\u00e1ster\r\n<ul>\r\n \t<li><a href=\"https:\/\/calendar.google.com\/calendar\/embed?src=masterrobotica%40goumh.umh.es&ctz=Europe\/Madrid\" target=\"_blank\" rel=\"noopener\">Enlace HTML<\/a> (Google Calendar) para visualizarlo a trav\u00e9s del navegador<\/li>\r\n<\/ul>\r\n<strong>Calendario del M\u00e1ster en Rob\u00f3tica<\/strong>\r\n\r\n\u00a0\r\n\r\n\r\n\r\n<\/div>","_et_gb_content_width":"","_links_to":"","_links_to_target":""},"yoast_head":"<!-- This site is optimized with the Yoast SEO plugin v17.5 - https:\/\/yoast.com\/wordpress\/plugins\/seo\/ -->\n<title>Calendario - Master Universitario en Rob\u00f3tica<\/title>\n<meta name=\"robots\" content=\"index, follow, max-snippet:-1, max-image-preview:large, max-video-preview:-1\" \/>\n<link rel=\"canonical\" href=\"https:\/\/masterrobotica.umh.es\/es\/calendario\/\" \/>\n<meta property=\"og:locale\" content=\"es_ES\" \/>\n<meta property=\"og:type\" content=\"article\" \/>\n<meta property=\"og:title\" content=\"[:es]Calendario[:en]Schedule[:] - Master Universitario en Rob\u00f3tica\" \/>\n<meta property=\"og:description\" content=\"Calendario acad\u00e9mico: Calendario acad\u00e9mico aprobado por la Universidad Miguel Hern\u00e1ndez de Elche para el curso 2023\/24 Calendario acad\u00e9mico aprobado por la Universidad Miguel Hern\u00e1ndez de Elche para el curso 2022\/23 Calendario acad\u00e9mico aprobado por la Universidad Miguel Hern\u00e1ndez de Elche para el curso 2021\/22 Calendario acad\u00e9mico aprobado por la Universidad Miguel Hernandez para el curso [&hellip;]\" \/>\n<meta property=\"og:url\" content=\"https:\/\/masterrobotica.umh.es\/es\/calendario\/\" \/>\n<meta property=\"og:site_name\" content=\"Master Universitario en Rob\u00f3tica\" \/>\n<meta property=\"article:modified_time\" content=\"2023-10-02T11:56:00+00:00\" \/>\n<meta name=\"twitter:card\" content=\"summary\" \/>\n<meta name=\"twitter:site\" content=\"@MRoboticaUMH\" \/>\n<meta name=\"twitter:label1\" content=\"Tiempo de lectura\" \/>\n\t<meta name=\"twitter:data1\" content=\"2 minutos\" \/>\n<script type=\"application\/ld+json\" class=\"yoast-schema-graph\">{\"@context\":\"https:\/\/schema.org\",\"@graph\":[{\"@type\":\"Organization\",\"@id\":\"https:\/\/masterrobotica.umh.es\/es\/#organization\",\"name\":\"Universidad Miguel Hern\\u00e1ndez de Elche\",\"url\":\"https:\/\/masterrobotica.umh.es\/es\/\",\"sameAs\":[\"https:\/\/twitter.com\/MRoboticaUMH\"],\"logo\":{\"@type\":\"ImageObject\",\"@id\":\"https:\/\/masterrobotica.umh.es\/es\/#logo\",\"inLanguage\":\"es\",\"url\":\"http:\/\/masterrobotica.umh.es\/files\/2017\/04\/logo-umh.jpg\",\"contentUrl\":\"http:\/\/masterrobotica.umh.es\/files\/2017\/04\/logo-umh.jpg\",\"width\":328,\"height\":100,\"caption\":\"Universidad Miguel Hern\\u00e1ndez de Elche\"},\"image\":{\"@id\":\"https:\/\/masterrobotica.umh.es\/es\/#logo\"}},{\"@type\":\"WebSite\",\"@id\":\"https:\/\/masterrobotica.umh.es\/es\/#website\",\"url\":\"https:\/\/masterrobotica.umh.es\/es\/\",\"name\":\"Master Universitario en Rob\\u00f3tica\",\"description\":\"Universidad Miguel Hern\\u00e1ndez\",\"publisher\":{\"@id\":\"https:\/\/masterrobotica.umh.es\/es\/#organization\"},\"potentialAction\":[{\"@type\":\"SearchAction\",\"target\":{\"@type\":\"EntryPoint\",\"urlTemplate\":\"https:\/\/masterrobotica.umh.es\/es\/?s={search_term_string}\"},\"query-input\":\"required name=search_term_string\"}],\"inLanguage\":\"es\"},{\"@type\":\"WebPage\",\"@id\":\"https:\/\/masterrobotica.umh.es\/es\/calendario\/#webpage\",\"url\":\"https:\/\/masterrobotica.umh.es\/es\/calendario\/\",\"name\":\"[:es]Calendario[:en]Schedule[:] - Master Universitario en Rob\\u00f3tica\",\"isPartOf\":{\"@id\":\"https:\/\/masterrobotica.umh.es\/es\/#website\"},\"datePublished\":\"2016-03-02T12:46:32+00:00\",\"dateModified\":\"2023-10-02T11:56:00+00:00\",\"breadcrumb\":{\"@id\":\"https:\/\/masterrobotica.umh.es\/es\/calendario\/#breadcrumb\"},\"inLanguage\":\"es\",\"potentialAction\":[{\"@type\":\"ReadAction\",\"target\":[\"https:\/\/masterrobotica.umh.es\/es\/calendario\/\"]}]},{\"@type\":\"BreadcrumbList\",\"@id\":\"https:\/\/masterrobotica.umh.es\/es\/calendario\/#breadcrumb\",\"itemListElement\":[{\"@type\":\"ListItem\",\"position\":1,\"name\":\"Portada\",\"item\":\"https:\/\/masterrobotica.umh.es\/es\/\"},{\"@type\":\"ListItem\",\"position\":2,\"name\":\"Calendario\"}]}]}<\/script>\n<!-- \/ Yoast SEO plugin. -->","yoast_head_json":{"title":"[:es]Calendario[:en]Schedule[:] - Master Universitario en Rob\u00f3tica","robots":{"index":"index","follow":"follow","max-snippet":"max-snippet:-1","max-image-preview":"max-image-preview:large","max-video-preview":"max-video-preview:-1"},"canonical":"https:\/\/masterrobotica.umh.es\/es\/calendario\/","og_locale":"es_ES","og_type":"article","og_title":"[:es]Calendario[:en]Schedule[:] - Master Universitario en Rob\u00f3tica","og_description":"Calendario acad\u00e9mico: Calendario acad\u00e9mico aprobado por la Universidad Miguel Hern\u00e1ndez de Elche para el curso 2023\/24 Calendario acad\u00e9mico aprobado por la Universidad Miguel Hern\u00e1ndez de Elche para el curso 2022\/23 Calendario acad\u00e9mico aprobado por la Universidad Miguel Hern\u00e1ndez de Elche para el curso 2021\/22 Calendario acad\u00e9mico aprobado por la Universidad Miguel Hernandez para el curso [&hellip;]","og_url":"https:\/\/masterrobotica.umh.es\/es\/calendario\/","og_site_name":"Master Universitario en Rob\u00f3tica","article_modified_time":"2023-10-02T11:56:00+00:00","twitter_card":"summary","twitter_site":"@MRoboticaUMH","twitter_misc":{"Tiempo de lectura":"2 minutos"},"schema":{"@context":"https:\/\/schema.org","@graph":[{"@type":"Organization","@id":"https:\/\/masterrobotica.umh.es\/es\/#organization","name":"Universidad Miguel Hern\u00e1ndez de Elche","url":"https:\/\/masterrobotica.umh.es\/es\/","sameAs":["https:\/\/twitter.com\/MRoboticaUMH"],"logo":{"@type":"ImageObject","@id":"https:\/\/masterrobotica.umh.es\/es\/#logo","inLanguage":"es","url":"http:\/\/masterrobotica.umh.es\/files\/2017\/04\/logo-umh.jpg","contentUrl":"http:\/\/masterrobotica.umh.es\/files\/2017\/04\/logo-umh.jpg","width":328,"height":100,"caption":"Universidad Miguel Hern\u00e1ndez de Elche"},"image":{"@id":"https:\/\/masterrobotica.umh.es\/es\/#logo"}},{"@type":"WebSite","@id":"https:\/\/masterrobotica.umh.es\/es\/#website","url":"https:\/\/masterrobotica.umh.es\/es\/","name":"Master Universitario en Rob\u00f3tica","description":"Universidad Miguel Hern\u00e1ndez","publisher":{"@id":"https:\/\/masterrobotica.umh.es\/es\/#organization"},"potentialAction":[{"@type":"SearchAction","target":{"@type":"EntryPoint","urlTemplate":"https:\/\/masterrobotica.umh.es\/es\/?s={search_term_string}"},"query-input":"required name=search_term_string"}],"inLanguage":"es"},{"@type":"WebPage","@id":"https:\/\/masterrobotica.umh.es\/es\/calendario\/#webpage","url":"https:\/\/masterrobotica.umh.es\/es\/calendario\/","name":"[:es]Calendario[:en]Schedule[:] - Master Universitario en Rob\u00f3tica","isPartOf":{"@id":"https:\/\/masterrobotica.umh.es\/es\/#website"},"datePublished":"2016-03-02T12:46:32+00:00","dateModified":"2023-10-02T11:56:00+00:00","breadcrumb":{"@id":"https:\/\/masterrobotica.umh.es\/es\/calendario\/#breadcrumb"},"inLanguage":"es","potentialAction":[{"@type":"ReadAction","target":["https:\/\/masterrobotica.umh.es\/es\/calendario\/"]}]},{"@type":"BreadcrumbList","@id":"https:\/\/masterrobotica.umh.es\/es\/calendario\/#breadcrumb","itemListElement":[{"@type":"ListItem","position":1,"name":"Portada","item":"https:\/\/masterrobotica.umh.es\/es\/"},{"@type":"ListItem","position":2,"name":"Calendario"}]}]}},"_links":{"self":[{"href":"https:\/\/masterrobotica.umh.es\/es\/wp-json\/wp\/v2\/pages\/15"}],"collection":[{"href":"https:\/\/masterrobotica.umh.es\/es\/wp-json\/wp\/v2\/pages"}],"about":[{"href":"https:\/\/masterrobotica.umh.es\/es\/wp-json\/wp\/v2\/types\/page"}],"author":[{"embeddable":true,"href":"https:\/\/masterrobotica.umh.es\/es\/wp-json\/wp\/v2\/users\/185"}],"replies":[{"embeddable":true,"href":"https:\/\/masterrobotica.umh.es\/es\/wp-json\/wp\/v2\/comments?post=15"}],"version-history":[{"count":0,"href":"https:\/\/masterrobotica.umh.es\/es\/wp-json\/wp\/v2\/pages\/15\/revisions"}],"wp:attachment":[{"href":"https:\/\/masterrobotica.umh.es\/es\/wp-json\/wp\/v2\/media?parent=15"}],"curies":[{"name":"wp","href":"https:\/\/api.w.org\/{rel}","templated":true}]}}