{"id":2166,"date":"2018-05-23T07:21:43","date_gmt":"2018-05-23T07:21:43","guid":{"rendered":"http:\/\/masterrobotica.umh.es\/?page_id=2166"},"modified":"2023-10-23T06:49:24","modified_gmt":"2023-10-23T06:49:24","slug":"seminarios-on-line","status":"publish","type":"page","link":"https:\/\/masterrobotica.umh.es\/es\/seminarios-y-conferencias\/seminarios-on-line\/","title":{"rendered":"Seminarios Trabajo Aut\u00f3nomo"},"content":{"rendered":"<p>En los siguientes enlaces se pueden visualizar conferencias relacionadas con rob\u00f3tica impartidas en cursos previos. A continuaci\u00f3n se enlazan estos seminarios que son de inter\u00e9s dentro del Master en Rob\u00f3tica.<\/p>\n<p><strong><a href=\"https:\/\/drive.google.com\/file\/d\/1KdOlgrZ11v6qnLz9duSLCTbqxp1QfA5Y\/view?usp=sharing\">Observaci\u00f3n del modo de ensamblado de robots paralelos mediante Redes Neuronales<\/a><\/strong><\/p>\n<p><strong>Dr. Adri\u00e1n Peidr\u00f3 Vidal<\/strong>, UNIVERSIDAD MIGUEL HERN\u00c1NDEZ DE ELCHE<\/p>\n<p>&nbsp;<\/p>\n<p><strong><a href=\"https:\/\/urldefense.com\/v3\/__https:\/\/drive.google.com\/file\/d\/1GsoNNjP0Kb2RZ7H4MuqQ_Ws8YOWqLsxj\/view?usp=sharing__;!!D9dNQwwGXtA!VMxbXLfFCSnaQ2ks0SlDy3R7Kt9VZ8qwt96JzORKtzYTkUhTl8f6JFVLMPpR-EQ2cgKmyEsCS5AmC2M$\" target=\"_blank\" rel=\"noopener\">Control de Robots Paralelos en el Espacio de Estados<\/a><\/strong><\/p>\n<p><strong>Dr. Adri\u00e1n Peidr\u00f3 Vidal<\/strong>, UNIVERSIDAD\u00a0MIGUEL HERNANDEZ DE ELCHE<\/p>\n<p><a href=\"https:\/\/drive.google.com\/file\/d\/1fLxCFPrIYkMRBx6dlAKaWTjboMkr7Jpd\/view\" target=\"_blank\" rel=\"noopener\">Presentaci\u00f3n (pdf)<\/a><\/p>\n<p>Art\u00edculo para ampliar informaci\u00f3n: <a href=\"https:\/\/arvc.umh.es\/documentos\/articulos\/2022_-_JA_(Adrian).pdf\" target=\"_blank\" rel=\"noopener\">https:\/\/arvc.umh.es\/documentos\/articulos\/2022_-_JA_(Adrian).pdf<\/a><\/p>\n<p>&nbsp;<\/p>\n<p><strong><a href=\"https:\/\/urldefense.com\/v3\/__https:\/\/drive.google.com\/file\/d\/14A4emucnsPNn12OA69Hk_PNIGftvWdDJ\/view?usp=drive_web__;!!D9dNQwwGXtA!UKD_1ElP12sJLYbPu4ZliANiQRcRa3v4R6eC2WbsppWo3nasGzEIuC7XlTJxU8xh3JaMBGuRggPI-RzXB5y1p122fBc$\" target=\"_blank\" rel=\"noopener\">3D Perception for Robotics<\/a><\/strong><\/p>\n<p><strong>Dr. Nuno Ferreira<\/strong>, Institute of Engineering of Coimbra (ISEC)<\/p>\n<p><strong><a href=\"https:\/\/www.youtube.com\/watch?v=680DKPh0XCM;\" target=\"_blank\" rel=\"noopener\">La teor\u00eda de Tornillos como una mejor matem\u00e1tica para la mec\u00e1nica de robots<\/a><\/strong><\/p>\n<p><strong>Dr. Jos\u00e9 M. Pardos-Gotor<\/strong>, ENEL<\/p>\n<p><iframe loading=\"lazy\" title=\"Jornadas Rob\u00f3tica Avanzada: \u2018Dos puntos de vista convergentes\u2019 \u2013 CEA y RSME\" width=\"1080\" height=\"608\" src=\"https:\/\/www.youtube.com\/embed\/680DKPh0XCM?feature=oembed\"  allow=\"accelerometer; autoplay; clipboard-write; encrypted-media; gyroscope; picture-in-picture; web-share\" allowfullscreen><\/iframe><\/p>\n<p><strong><a href=\"https:\/\/www.youtube.com\/watch?v=QUzfMPrJ1qE&amp;\" target=\"_blank\" rel=\"noopener\">Latencias neurofisiol\u00f3gicas en el control motor voluntario: estado del arte y paradigmas innovadores de estimaciones no invasivas in-vivo<\/a><\/strong><\/p>\n<p><strong>Dr. Andr\u00e9s \u00dabeda<\/strong>, UNIVERSIDAD\u00a0DE ALICANTE<\/p>\n<p><iframe loading=\"lazy\" title=\"Latencias neurofisiol\u00f3gicas en el control motor voluntario: estado del arte y paradigmas innovadores\" width=\"1080\" height=\"608\" src=\"https:\/\/www.youtube.com\/embed\/QUzfMPrJ1qE?feature=oembed\"  allow=\"accelerometer; autoplay; clipboard-write; encrypted-media; gyroscope; picture-in-picture; web-share\" allowfullscreen><\/iframe><\/p>\n<p><strong><a href=\"https:\/\/www.youtube.com\/watch?v=qyjH79BcUZ4&amp;\" target=\"_blank\" rel=\"noopener\">Exploraci\u00f3n aut\u00f3noma de minas inundadas: el robot UX-1<\/a><\/strong><\/p>\n<p><strong>Dr. Sergio Dom\u00ednguez Cabrerizo<\/strong>, UNIVERSIDAD POLIT\u00c9CNICA DE MADRID<\/p>\n<p><iframe loading=\"lazy\" title=\"Exploraci\u00f3n aut\u00f3noma de minas inundadas: el robot UX-1\" width=\"1080\" height=\"608\" src=\"https:\/\/www.youtube.com\/embed\/qyjH79BcUZ4?feature=oembed\"  allow=\"accelerometer; autoplay; clipboard-write; encrypted-media; gyroscope; picture-in-picture; web-share\" allowfullscreen><\/iframe><\/p>\n<p><strong><a href=\"https:\/\/youtu.be\/k2dR812Qzk0\" target=\"_blank\" rel=\"noopener\">Dexterous manipulation and Human-Robot interaction for the factory of the future<\/a><\/strong><\/p>\n<p><strong>Dr. Juan Antonio Corrales Ram\u00f3n<\/strong>, SIGMA CLERMONT ENGINEERING SCHOOL &#8211; INSTITUTE PASCAL<\/p>\n<p><iframe loading=\"lazy\" title=\"DEXTEROUS MANIPULATION AND HUMAN-ROBOT INTERACTION FOR THE FACTORY OF THE FUTURE\" width=\"1080\" height=\"608\" src=\"https:\/\/www.youtube.com\/embed\/k2dR812Qzk0?feature=oembed\"  allow=\"accelerometer; autoplay; clipboard-write; encrypted-media; gyroscope; picture-in-picture; web-share\" allowfullscreen><\/iframe><\/p>\n<p><strong><a href=\"https:\/\/youtu.be\/unaq47QqM_Q\" target=\"_blank\" rel=\"noopener\">ORBSLAM Sistema de SLAM visual en tiempo real<\/a><\/strong><\/p>\n<p><strong>Prof. Dr. Jos\u00e9 M\u00aa Mart\u00ednez Montiel<\/strong>, UNIVERSIDAD DE ZARAGOZA<\/p>\n<p><iframe loading=\"lazy\" title=\"SLAM VISUAL EN TIEMPO REAL\" width=\"1080\" height=\"608\" src=\"https:\/\/www.youtube.com\/embed\/_XbvQKWjly4?feature=oembed\"  allow=\"accelerometer; autoplay; clipboard-write; encrypted-media; gyroscope; picture-in-picture; web-share\" allowfullscreen><\/iframe><\/p>\n<p><strong><a href=\"https:\/\/youtu.be\/unaq47QqM_Q\" target=\"_blank\" rel=\"noopener\">Nuevas tecnolog\u00edas en la rehabilitacion de las personas con lesi\u00f3n modular<\/a><\/strong><\/p>\n<p><strong>Prof. Angel M. Gil Agudo<\/strong>, HOSPITAL NACIONAL DE PARAPL\u00c9JICOS DE TOLEDO<\/p>\n<p><iframe loading=\"lazy\" title=\"NUEVAS TECNOLOG\u00cdAS EN LA REHABILITACI\u00d3N DE LAS PERSONAS CON LESI\u00d3N MEDULAR\" width=\"1080\" height=\"608\" src=\"https:\/\/www.youtube.com\/embed\/unaq47QqM_Q?feature=oembed\"  allow=\"accelerometer; autoplay; clipboard-write; encrypted-media; gyroscope; picture-in-picture; web-share\" allowfullscreen><\/iframe><\/p>\n<p><a href=\"https:\/\/youtu.be\/lvIErNdXcWM\" target=\"_blank\" rel=\"noopener\"><strong>Cooperative and automated driving: The only way towards autonomous mobility-on-demand systems?<\/strong><\/a><\/p>\n<div class=\"page\" title=\"Page 1\">\n<div class=\"section\">\n<div class=\"layoutArea\">\n<div class=\"column\">\n<p><strong>Dr. Jorge Villagra<\/strong> &#8211; Senior Scientist Head of Autopia Program (UPM-CSIC)<\/p>\n<\/div>\n<\/div>\n<\/div>\n<\/div>\n<p><iframe loading=\"lazy\" title=\"COOPERATIVE AND AUTOMATED DRIVING: THE ONLY WAY TOWARDS AUTONOMOUS MOBILITY-ON-DEMAND SYSTEMS?\" width=\"1080\" height=\"608\" src=\"https:\/\/www.youtube.com\/embed\/lvIErNdXcWM?feature=oembed\"  allow=\"accelerometer; autoplay; clipboard-write; encrypted-media; gyroscope; picture-in-picture; web-share\" allowfullscreen><\/iframe><\/p>\n<h1><\/h1>\n<p><a href=\"https:\/\/www.youtube.com\/watch?v=EwmHwC8PUrw&amp;feature=youtu.be\" target=\"_blank\" rel=\"noopener\"><strong>Avances en percepci\u00f3n rob\u00f3tica con c\u00e1maras 3D<\/strong><\/a><br \/>\n<strong>Dr. Javier Gonz\u00e1lez Jim\u00e9nez<\/strong>, Departamento de Ingenier\u00eda de Sistemas y Autom\u00e1tica de la Universidad de M\u00e1laga.<\/p>\n<p><strong><a href=\"https:\/\/www.youtube.com\/watch?v=Egs34CtUN3s&amp;feature=youtu.be\" target=\"_blank\" rel=\"noopener\">Rob\u00f3tica de rehabilitaci\u00f3n<\/a><\/strong><br \/>\n<strong>Dr. Francisco Javier Badesa Clemente<\/strong>, Departamento de Ingenier\u00eda de Sistemas y Autom\u00e1tica de la UMH,<\/p>\n<p><strong><a href=\"https:\/\/youtu.be\/q8ARibYmJVE\">Human Robotics: Robotics of human \u2013 Robotics for humans<\/a><\/strong><br \/>\n<strong>Prof. Etienne Burdet<\/strong>, Imperial College, London (Reino Unido).<\/p>\n<p><a href=\"http:\/\/youtu.be\/3xp09ZusDqo\" target=\"_blank\" rel=\"noopener\"><b>Robots vestibles<\/b><\/a><br \/>\n<strong>Jos\u00e9 Luis Pons<\/strong>, Grupo de Bioingenier\u00eda del CSIC, Arganda del Rey, Madrid<\/p>","protected":false},"excerpt":{"rendered":"<p>En los siguientes enlaces se pueden visualizar conferencias relacionadas con rob\u00f3tica impartidas en cursos previos. A continuaci\u00f3n se enlazan estos seminarios que son de inter\u00e9s dentro del Master en Rob\u00f3tica. Observaci\u00f3n del modo de ensamblado de robots paralelos mediante Redes Neuronales Dr. Adri\u00e1n Peidr\u00f3 Vidal, UNIVERSIDAD MIGUEL HERN\u00c1NDEZ DE ELCHE &nbsp; Control de Robots Paralelos [&hellip;]<\/p>\n","protected":false},"author":185,"featured_media":0,"parent":172,"menu_order":50,"comment_status":"open","ping_status":"open","template":"","meta":{"_et_pb_use_builder":"","_et_pb_old_content":"","_et_gb_content_width":"","_links_to":"","_links_to_target":""},"yoast_head":"<!-- This site is optimized with the Yoast SEO plugin v17.5 - https:\/\/yoast.com\/wordpress\/plugins\/seo\/ -->\n<title>Seminarios Trabajo Aut\u00f3nomo - Master Universitario en Rob\u00f3tica<\/title>\n<meta name=\"robots\" content=\"index, follow, max-snippet:-1, max-image-preview:large, max-video-preview:-1\" \/>\n<link rel=\"canonical\" href=\"https:\/\/masterrobotica.umh.es\/es\/seminarios-y-conferencias\/seminarios-on-line\/\" \/>\n<meta property=\"og:locale\" content=\"es_ES\" \/>\n<meta property=\"og:type\" content=\"article\" \/>\n<meta property=\"og:title\" content=\"Seminarios Trabajo Aut\u00f3nomo - Master Universitario en Rob\u00f3tica\" \/>\n<meta property=\"og:description\" content=\"En los siguientes enlaces se pueden visualizar conferencias relacionadas con rob\u00f3tica impartidas en cursos previos. A continuaci\u00f3n se enlazan estos seminarios que son de inter\u00e9s dentro del Master en Rob\u00f3tica. Observaci\u00f3n del modo de ensamblado de robots paralelos mediante Redes Neuronales Dr. Adri\u00e1n Peidr\u00f3 Vidal, UNIVERSIDAD MIGUEL HERN\u00c1NDEZ DE ELCHE &nbsp; Control de Robots Paralelos [&hellip;]\" \/>\n<meta property=\"og:url\" content=\"https:\/\/masterrobotica.umh.es\/es\/seminarios-y-conferencias\/seminarios-on-line\/\" \/>\n<meta property=\"og:site_name\" content=\"Master Universitario en Rob\u00f3tica\" \/>\n<meta property=\"article:modified_time\" content=\"2023-10-23T06:49:24+00:00\" \/>\n<meta name=\"twitter:card\" content=\"summary\" \/>\n<meta name=\"twitter:site\" content=\"@MRoboticaUMH\" \/>\n<meta name=\"twitter:label1\" content=\"Tiempo de lectura\" \/>\n\t<meta name=\"twitter:data1\" content=\"2 minutos\" \/>\n<script type=\"application\/ld+json\" class=\"yoast-schema-graph\">{\"@context\":\"https:\/\/schema.org\",\"@graph\":[{\"@type\":\"Organization\",\"@id\":\"https:\/\/masterrobotica.umh.es\/es\/#organization\",\"name\":\"Universidad Miguel Hern\\u00e1ndez de Elche\",\"url\":\"https:\/\/masterrobotica.umh.es\/es\/\",\"sameAs\":[\"https:\/\/twitter.com\/MRoboticaUMH\"],\"logo\":{\"@type\":\"ImageObject\",\"@id\":\"https:\/\/masterrobotica.umh.es\/es\/#logo\",\"inLanguage\":\"es\",\"url\":\"http:\/\/masterrobotica.umh.es\/files\/2017\/04\/logo-umh.jpg\",\"contentUrl\":\"http:\/\/masterrobotica.umh.es\/files\/2017\/04\/logo-umh.jpg\",\"width\":328,\"height\":100,\"caption\":\"Universidad Miguel Hern\\u00e1ndez de Elche\"},\"image\":{\"@id\":\"https:\/\/masterrobotica.umh.es\/es\/#logo\"}},{\"@type\":\"WebSite\",\"@id\":\"https:\/\/masterrobotica.umh.es\/es\/#website\",\"url\":\"https:\/\/masterrobotica.umh.es\/es\/\",\"name\":\"Master Universitario en Rob\\u00f3tica\",\"description\":\"Universidad Miguel Hern\\u00e1ndez\",\"publisher\":{\"@id\":\"https:\/\/masterrobotica.umh.es\/es\/#organization\"},\"potentialAction\":[{\"@type\":\"SearchAction\",\"target\":{\"@type\":\"EntryPoint\",\"urlTemplate\":\"https:\/\/masterrobotica.umh.es\/es\/?s={search_term_string}\"},\"query-input\":\"required name=search_term_string\"}],\"inLanguage\":\"es\"},{\"@type\":\"WebPage\",\"@id\":\"https:\/\/masterrobotica.umh.es\/es\/seminarios-y-conferencias\/seminarios-on-line\/#webpage\",\"url\":\"https:\/\/masterrobotica.umh.es\/es\/seminarios-y-conferencias\/seminarios-on-line\/\",\"name\":\"Seminarios Trabajo Aut\\u00f3nomo - Master Universitario en Rob\\u00f3tica\",\"isPartOf\":{\"@id\":\"https:\/\/masterrobotica.umh.es\/es\/#website\"},\"datePublished\":\"2018-05-23T07:21:43+00:00\",\"dateModified\":\"2023-10-23T06:49:24+00:00\",\"breadcrumb\":{\"@id\":\"https:\/\/masterrobotica.umh.es\/es\/seminarios-y-conferencias\/seminarios-on-line\/#breadcrumb\"},\"inLanguage\":\"es\",\"potentialAction\":[{\"@type\":\"ReadAction\",\"target\":[\"https:\/\/masterrobotica.umh.es\/es\/seminarios-y-conferencias\/seminarios-on-line\/\"]}]},{\"@type\":\"BreadcrumbList\",\"@id\":\"https:\/\/masterrobotica.umh.es\/es\/seminarios-y-conferencias\/seminarios-on-line\/#breadcrumb\",\"itemListElement\":[{\"@type\":\"ListItem\",\"position\":1,\"name\":\"Portada\",\"item\":\"https:\/\/masterrobotica.umh.es\/es\/\"},{\"@type\":\"ListItem\",\"position\":2,\"name\":\"Tec. Emergentes Inv. Robotica\",\"item\":\"https:\/\/masterrobotica.umh.es\/es\/seminarios-y-conferencias\/\"},{\"@type\":\"ListItem\",\"position\":3,\"name\":\"Seminarios Trabajo Aut\\u00f3nomo\"}]}]}<\/script>\n<!-- \/ Yoast SEO plugin. -->","yoast_head_json":{"title":"Seminarios Trabajo Aut\u00f3nomo - Master Universitario en Rob\u00f3tica","robots":{"index":"index","follow":"follow","max-snippet":"max-snippet:-1","max-image-preview":"max-image-preview:large","max-video-preview":"max-video-preview:-1"},"canonical":"https:\/\/masterrobotica.umh.es\/es\/seminarios-y-conferencias\/seminarios-on-line\/","og_locale":"es_ES","og_type":"article","og_title":"Seminarios Trabajo Aut\u00f3nomo - Master Universitario en Rob\u00f3tica","og_description":"En los siguientes enlaces se pueden visualizar conferencias relacionadas con rob\u00f3tica impartidas en cursos previos. A continuaci\u00f3n se enlazan estos seminarios que son de inter\u00e9s dentro del Master en Rob\u00f3tica. Observaci\u00f3n del modo de ensamblado de robots paralelos mediante Redes Neuronales Dr. Adri\u00e1n Peidr\u00f3 Vidal, UNIVERSIDAD MIGUEL HERN\u00c1NDEZ DE ELCHE &nbsp; Control de Robots Paralelos [&hellip;]","og_url":"https:\/\/masterrobotica.umh.es\/es\/seminarios-y-conferencias\/seminarios-on-line\/","og_site_name":"Master Universitario en Rob\u00f3tica","article_modified_time":"2023-10-23T06:49:24+00:00","twitter_card":"summary","twitter_site":"@MRoboticaUMH","twitter_misc":{"Tiempo de lectura":"2 minutos"},"schema":{"@context":"https:\/\/schema.org","@graph":[{"@type":"Organization","@id":"https:\/\/masterrobotica.umh.es\/es\/#organization","name":"Universidad Miguel Hern\u00e1ndez de Elche","url":"https:\/\/masterrobotica.umh.es\/es\/","sameAs":["https:\/\/twitter.com\/MRoboticaUMH"],"logo":{"@type":"ImageObject","@id":"https:\/\/masterrobotica.umh.es\/es\/#logo","inLanguage":"es","url":"http:\/\/masterrobotica.umh.es\/files\/2017\/04\/logo-umh.jpg","contentUrl":"http:\/\/masterrobotica.umh.es\/files\/2017\/04\/logo-umh.jpg","width":328,"height":100,"caption":"Universidad Miguel Hern\u00e1ndez de Elche"},"image":{"@id":"https:\/\/masterrobotica.umh.es\/es\/#logo"}},{"@type":"WebSite","@id":"https:\/\/masterrobotica.umh.es\/es\/#website","url":"https:\/\/masterrobotica.umh.es\/es\/","name":"Master Universitario en Rob\u00f3tica","description":"Universidad Miguel Hern\u00e1ndez","publisher":{"@id":"https:\/\/masterrobotica.umh.es\/es\/#organization"},"potentialAction":[{"@type":"SearchAction","target":{"@type":"EntryPoint","urlTemplate":"https:\/\/masterrobotica.umh.es\/es\/?s={search_term_string}"},"query-input":"required name=search_term_string"}],"inLanguage":"es"},{"@type":"WebPage","@id":"https:\/\/masterrobotica.umh.es\/es\/seminarios-y-conferencias\/seminarios-on-line\/#webpage","url":"https:\/\/masterrobotica.umh.es\/es\/seminarios-y-conferencias\/seminarios-on-line\/","name":"Seminarios Trabajo Aut\u00f3nomo - Master Universitario en Rob\u00f3tica","isPartOf":{"@id":"https:\/\/masterrobotica.umh.es\/es\/#website"},"datePublished":"2018-05-23T07:21:43+00:00","dateModified":"2023-10-23T06:49:24+00:00","breadcrumb":{"@id":"https:\/\/masterrobotica.umh.es\/es\/seminarios-y-conferencias\/seminarios-on-line\/#breadcrumb"},"inLanguage":"es","potentialAction":[{"@type":"ReadAction","target":["https:\/\/masterrobotica.umh.es\/es\/seminarios-y-conferencias\/seminarios-on-line\/"]}]},{"@type":"BreadcrumbList","@id":"https:\/\/masterrobotica.umh.es\/es\/seminarios-y-conferencias\/seminarios-on-line\/#breadcrumb","itemListElement":[{"@type":"ListItem","position":1,"name":"Portada","item":"https:\/\/masterrobotica.umh.es\/es\/"},{"@type":"ListItem","position":2,"name":"Tec. Emergentes Inv. Robotica","item":"https:\/\/masterrobotica.umh.es\/es\/seminarios-y-conferencias\/"},{"@type":"ListItem","position":3,"name":"Seminarios Trabajo Aut\u00f3nomo"}]}]}},"_links":{"self":[{"href":"https:\/\/masterrobotica.umh.es\/es\/wp-json\/wp\/v2\/pages\/2166"}],"collection":[{"href":"https:\/\/masterrobotica.umh.es\/es\/wp-json\/wp\/v2\/pages"}],"about":[{"href":"https:\/\/masterrobotica.umh.es\/es\/wp-json\/wp\/v2\/types\/page"}],"author":[{"embeddable":true,"href":"https:\/\/masterrobotica.umh.es\/es\/wp-json\/wp\/v2\/users\/185"}],"replies":[{"embeddable":true,"href":"https:\/\/masterrobotica.umh.es\/es\/wp-json\/wp\/v2\/comments?post=2166"}],"version-history":[{"count":0,"href":"https:\/\/masterrobotica.umh.es\/es\/wp-json\/wp\/v2\/pages\/2166\/revisions"}],"up":[{"embeddable":true,"href":"https:\/\/masterrobotica.umh.es\/es\/wp-json\/wp\/v2\/pages\/172"}],"wp:attachment":[{"href":"https:\/\/masterrobotica.umh.es\/es\/wp-json\/wp\/v2\/media?parent=2166"}],"curies":[{"name":"wp","href":"https:\/\/api.w.org\/{rel}","templated":true}]}}