{"id":3087,"date":"2022-02-15T12:09:41","date_gmt":"2022-02-15T12:09:41","guid":{"rendered":"http:\/\/masterrobotica.umh.es\/?page_id=3087"},"modified":"2022-10-10T14:43:04","modified_gmt":"2022-10-10T14:43:04","slug":"seminarios-202122","status":"publish","type":"page","link":"https:\/\/masterrobotica.umh.es\/es\/seminarios-y-conferencias\/seminarios-202122\/","title":{"rendered":"Seminarios 2021\/22"},"content":{"rendered":"<p><\/p>\n<h1>Industrial Robotic Systems versus Collaborative Robots &#8211; challenges for the industry<\/h1>\n<p>(jueves 12 de\u00a0mayo de 2022)<\/p>\n<p><em><strong>Planificaci\u00f3n<\/strong><\/em><\/p>\n<p>El\u00a0jueves 12 de mayo de 2022 a las 17:30 en el\u00a0sal\u00f3n de Grados del Edificio INNOVA (campus de Elche), se impartir\u00e1 la conferencia\u00a0\u00abIndustrial Robotic Systems versus\u00a0Collaborative Robots &#8211; challenges for the industry\u00bb a cargo del Dr.\u00a0Nuno M. Fonseca<\/p>\n<p><a href=\"http:\/\/masterrobotica.umh.es\/files\/2018\/10\/foto_Nuno.png\"><img loading=\"lazy\" class=\"alignright wp-image-3102\" src=\"http:\/\/masterrobotica.umh.es\/files\/2018\/10\/foto_Nuno.png\" alt=\"Nuno Fonseca\" width=\"192\" height=\"192\" \/><\/a><\/p>\n<p><em><strong>Abstract<\/strong><\/em><\/p>\n<p>The scope of this seminar will concentrate on\u00a0<span class=\"gmail_default\">R<\/span>obotics and its field of application<span class=\"gmail_default\">. It will\u00a0<\/span><span class=\"gmail_default\">approach to the challenges for the industry when comparing<\/span>\u00a0Industrial Robotic Systems versus\u00a0<span class=\"gmail_default\">C<\/span>ollaborative\u00a0<span class=\"gmail_default\">R<\/span>obots<span class=\"gmail_default\">.<\/span><\/p>\n<p><em><strong>Ponente invitado<\/strong><\/em><\/p>\n<p><strong>Nuno M. Fonseca<\/strong> Ferreira is\u00a0a Full\u00a0Professor at the Department of Electrical Engineering (DEE) of the Institute of Engineering of Coimbra (ISEC). He is a Permanent Researcher, in the Knowledge Research Group on Intelligent Engineering and Computing for Advanced Innovation and Development (GECAD) team of the Engineering Institute of Porto (ISEP). He received\u00a0an\u00a0Engineering degree,\u00a0an\u00a0M.Sc. degree,\u00a0a\u00a0Ph.D.,\u00a0and Habilitation. degree in Electrical and Computer Engineering from the Faculty of Engineering of the University of Porto and the University of Tr\u00e1s-dos-Montes e Alto Douro, in 1996, 1999,\u00a02006,\u00a0and\u00a02020\u00a0respectively. His main research area is robotics and his main research interests are industrial robots, cooperative robots, multi-robot systems, human-robot team cooperation, distributed control, cooperative perception,\u00a0and autonomous robots. He is the co-author of about 50 scientific publications in ISI-indexed scientific journals, and 99 documents listed in Scopus, from articles, book chapters, and proceedings of peer-reviewed international scientific conferences. He began his career as an electrical engineer in Siemens Company, where he worked between 1996 and 1997. Afterward, he joined the DEE of ISEC. He exercised Public Management and Administrative Activities such as Vice-President of the Polytechnic Institute of Coimbra, (IPC) (2013-2017); President of the ISEC (2010-2013); Pro-President for Research at IPC (2009- 2010); Member of the General Council of IPC (2009 to 2017) and Vice-President of the ISEC (2003 to 2005).<\/p>\n<h1>Control mioel\u00e9ctrico de pr\u00f3tesis rob\u00f3ticas<\/h1>\n<p>(jueves 31 de marzo de 2022)<\/p>\n<p><em><strong>Planificaci\u00f3n<\/strong><\/em><\/p>\n<p>El\u00a0jueves 31 de marzo de 2022 a las 17:30 en el aula 1.5 del edificio ALTET (campus de Elche), se impartir\u00e1 la conferencia \u00abControl mioel\u00e9ctrico de pr\u00f3tesis rob\u00f3ticas\u00bb\u00a0a cargo del Dr.\u00a0Andr\u00e9s \u00dabeda Castellanos<\/p>\n<p><a href=\"http:\/\/masterrobotica.umh.es\/files\/2020\/12\/AndresUbeda.png\"><img loading=\"lazy\" class=\"alignright wp-image-3102\" src=\"http:\/\/masterrobotica.umh.es\/files\/2020\/12\/AndresUbeda.png\" alt=\"AndresUbeda\" width=\"192\" height=\"192\" \/><\/a><\/p>\n<p><em><strong>Abstract<\/strong><\/em><\/p>\n<p>En este seminario te\u00f3rico-pr\u00e1ctico se describir\u00e1 el uso y aplicaci\u00f3n de electromiograf\u00eda al control de pr\u00f3tesis rob\u00f3ticas de miembro superior. En una primera parte te\u00f3rica se analizar\u00e1n conceptos de dise\u00f1o y actuaci\u00f3n de pr\u00f3tesis y los aspectos principales del control mioel\u00e9ctrico. En la segunda parte se utilizar\u00e1n equipos reales para adquirir y procesar las se\u00f1ales electomiogr\u00e1ficas y se implementar\u00e1n algoritmos de control mioel\u00e9ctrico en tiempo real.<\/p>\n<p><em><strong>Ponente invitado<\/strong><\/em><\/p>\n<p><strong>Andr\u00e9s \u00dabeda<\/strong> es profesor Titular de Universidad en el Departamento de F\u00edsica, Ingenier\u00eda de Sistemas y Teor\u00eda de la Se\u00f1al de la Universidad de Alicante (UA), miembro del grupo de investigaci\u00f3n HUman RObotics (HURO) y colaborador regular del Brain-Machine Interface Systems Lab (Universidad Miguel Hern\u00e1ndez, UMH). Es Ingeniero Industrial por la UMH (2009) y Doctor en Bioingenier\u00eda por la UMH (2014). Ha sido investigador visitante en el Defitech Chair in Non-Invasive Brain-Machine Interfaces (CNBI) en la EPFL (\u00c9cole polytechnique f\u00e9d\u00e9rale de Lausanne, Suiza) (Mayo-Julio 2013), en el Institute of Neurorehabilitation Systems (Universit\u00e4tsmedizin G\u00f6ttingen, Alemania) (Sep 2015-Sep 2016) y en el Neuromechanics and Rehabilitation Technology Group (Dept. de Bioingenier\u00eda, Imperial College, Londres, UK) (Junio-Julio 2019).<\/p>\n<h1>T\u00e9cnicas de visi\u00f3n omnidireccional y machine learning en robots aut\u00f3nomos m\u00f3viles<\/h1>\n<p>(jueves 24 de marzo de 2022)<\/p>\n<p><em><strong>Planificaci\u00f3n<\/strong><\/em><\/p>\n<p>El\u00a0jueves 24 de marzo de 2022a las 17:30 en el Sal\u00f3n de Grados del edificio INNOVA (campus de Elche), se impartir\u00e1 la conferencia \u00abT\u00e9cnicas de visi\u00f3n omnidireccional y machine learning en robots aut\u00f3nomos m\u00f3viles\u00bb\u00a0a cargo del Dr. Sergio Cebollada L\u00f3pez<\/p>\n<p><a href=\"http:\/\/masterrobotica.umh.es\/files\/2022\/02\/SergioCebolladaLopez.jpg\"><img loading=\"lazy\" class=\"alignright wp-image-3102\" src=\"http:\/\/masterrobotica.umh.es\/files\/2022\/02\/SergioCebolladaLopez-150x150.jpg\" alt=\"SergioCebolladaLopez\" width=\"192\" height=\"192\" \/><\/a><\/p>\n<p><em><strong>Abstract<\/strong><\/em><\/p>\n<p>Durante los \u00faltimos a\u00f1os, la presencia de robots m\u00f3viles ha crecido sustancialmente y hoy en d\u00eda se utilizan para un amplio espectro de aplicaciones. En cuanto a los robots m\u00f3viles aut\u00f3nomos, \u00e9stos requieren llevar a cabo la tarea de mapeo, que consiste en obtener informaci\u00f3n del entorno y crear un modelo de este. Una vez realizada dicha tarea, el robot ser\u00e1 capaz de localizarse, esto es, estimar su posici\u00f3n dentro del entorno con respecto a un sistema de referencia. Este seminario presenta el an\u00e1lisis y dise\u00f1o de m\u00e9todos de mapeo y localizaci\u00f3n en entornos de interior. Por un lado, se presentar\u00e1 un trabajo que pretende resolver dichas tareas en subsuelos de edificios con el objetivo de llevar a cabo la tarea de rociado de aislante t\u00e9rmico. Por otro lado, se propone un desarrollo de localizaci\u00f3n jer\u00e1rquica basado en descripci\u00f3n global y t\u00e9cnicas de inteligencia artificial.<\/p>\n<p><em><strong>Ponente invitado<\/strong><\/em><\/p>\n<p>El Dr. <strong>Sergio Cebollada L\u00f3pez<\/strong> obtuvo la licenciatura en Ingenier\u00eda de Telecomunicaci\u00f3n en 2015 y el doctorado en Tecnolog\u00edas Industriales y de Telecomunicaci\u00f3n con menci\u00f3n Cum Laude Internacional en 2021, ambos en la Universidad Miguel Hern\u00e1ndez de Elche. Sus l\u00edneas de investigaci\u00f3n abarcan la visi\u00f3n omnidireccional, los descriptores de apariencia global, la reconstrucci\u00f3n de mapas y localizaci\u00f3n en rob\u00f3tica m\u00f3vil, aprendizaje m\u00e1quina y aprendizaje profundo (machine learning y deep learning). Adem\u00e1s, ha colaborado con empresas en el desarrollo de aplicaciones sobre visi\u00f3n por computador y\/o rob\u00f3tica.<\/p>\n<h1><\/h1>\n<h1>La rob\u00f3tica al servicio de las personas<\/h1>\n<p>(jueves 17 de marzo de 2022)<\/p>\n<p><em><strong>Planificaci\u00f3n<\/strong><\/em><\/p>\n<p>El\u00a0jueves 17 de marzo de 2022a las 17:30 en el Sal\u00f3n de Grados del edificio INNOVA (campus de Elche), se impartir\u00e1 la conferencia \u00abLa rob\u00f3tica al servicio de las personas\u00bb\u00a0a cargo del Dr.\u00a0Isidro Fern\u00e1ndez CEO de Bumerania Robotics (<a href=\"https:\/\/bumerania.com\/\" target=\"_blank\" rel=\"noopener\">https:\/\/bumerania.com\/<\/a>)<\/p>\n<p><em><strong>Abstract\u00a0<a href=\"http:\/\/masterrobotica.umh.es\/files\/2022\/02\/Isidro-Bumerania.jpg\"><img loading=\"lazy\" class=\"alignright wp-image-3129\" src=\"http:\/\/masterrobotica.umh.es\/files\/2022\/02\/Isidro-Bumerania-150x150.jpg\" alt=\"Isidro-Bumerania\" width=\"206\" height=\"206\" \/><\/a><\/strong><\/em><\/p>\n<p>La rob\u00f3tica social es una tecnolog\u00eda que se est\u00e1 desarrollando a pasos agigantados y tiene un potencial beneficioso en \u00e1reas como la salud, educaci\u00f3n, hoteles, restaurantes, etc. Esta\u00a0 tiene dentro de sus principales componentes a la inteligencia artificial y plantea una nueva forma de ver la realidad.<\/p>\n<p><em><strong>Ponente invitado<\/strong><\/em><\/p>\n<p>El Dr.\u00a0<strong>Isidro Fern\u00e1ndez<\/strong>\u00a0es Ingeniero Inform\u00e1tico, M\u00e1ster de Gesti\u00f3n de Proyectos por la Universidad Carnegie Mellon University de Pensilvania, Doctor Honoris Causa por la Universidad Jaime Bausate y Meza de Lima. CEO de Bumerania Robotics.<\/p>\n<h1>Los pilares para la Autonom\u00eda &#8211; el Dron como sistema de sistemas<\/h1>\n<p>(viernes\u00a04 de marzo de 2022)<\/p>\n<p><em><strong>Planificaci\u00f3n<\/strong><\/em><\/p>\n<p>El viernes 4 de marzo de 2022 a las 17:30 en el Sal\u00f3n de Grados del edificio INNOVA (campus de Elche), se impartir\u00e1 la conferencia \u00abLos pilares para la Autonom\u00eda &#8211; el Dron como sistema de sistemas\u00bb\u00a0a cargo de D. Antonio Bedmar Gonz\u00e1lez, General Manager de <strong>ABIONICA SOLUTIONS<\/strong> (<a href=\"https:\/\/abionica.com\/\" target=\"_blank\" rel=\"noopener\">www.abionica.com<\/a>)<\/p>\n<p><em><strong>Abstract\u00a0<a href=\"http:\/\/masterrobotica.umh.es\/files\/2022\/02\/ABG-400x400.jpg\"><img loading=\"lazy\" class=\"alignright wp-image-3138\" src=\"http:\/\/masterrobotica.umh.es\/files\/2022\/02\/ABG-400x400-150x150.jpg\" alt=\"ABG-400x400\" width=\"194\" height=\"194\" srcset=\"https:\/\/masterrobotica.umh.es\/files\/2022\/02\/ABG-400x400-150x150.jpg 150w, https:\/\/masterrobotica.umh.es\/files\/2022\/02\/ABG-400x400-300x300.jpg 300w, https:\/\/masterrobotica.umh.es\/files\/2022\/02\/ABG-400x400.jpg 400w\" sizes=\"(max-width: 194px) 100vw, 194px\" \/><\/a><br \/>\n<\/strong><\/em><\/p>\n<p>Esta sesi\u00f3n versar\u00e1 sobre los nuevos desaf\u00edos tecnol\u00f3gicos que se encuentra la industria\u00a0para conseguir la implementaci\u00f3n y despliegue de sistemas aut\u00f3nomos. Los beneficios que traen consigo, sus riesgos y los pasos que la sociedad tiene que recorrer para que \u00e9stos sean parte de la Nueva Movilidad, Smart Cities e Industria 4.0 de los pr\u00f3ximos 5 a\u00f1os. El nuevo papel del \u00abDron\u00bb, su gesti\u00f3n mediante U-Space y los retos para su implantaci\u00f3n.<\/p>\n<p><em><strong>Ponente invitado<\/strong><\/em><\/p>\n<p>D. <strong>Antonio Bedmar Gonz\u00e1lez<\/strong> es General Manager de ABIONICA SOLUTIONS<\/p>","protected":false},"excerpt":{"rendered":"<p>Industrial Robotic Systems versus Collaborative Robots &#8211; challenges for the industry (jueves 12 de\u00a0mayo de 2022) Planificaci\u00f3n El\u00a0jueves 12 de mayo de 2022 a las 17:30 en el\u00a0sal\u00f3n de Grados del Edificio INNOVA (campus de Elche), se impartir\u00e1 la conferencia\u00a0\u00abIndustrial Robotic Systems versus\u00a0Collaborative Robots &#8211; challenges for the industry\u00bb a cargo del Dr.\u00a0Nuno M. Fonseca [&hellip;]<\/p>\n","protected":false},"author":185,"featured_media":0,"parent":172,"menu_order":2,"comment_status":"open","ping_status":"open","template":"","meta":{"_et_pb_use_builder":"","_et_pb_old_content":"","_et_gb_content_width":"","_links_to":"","_links_to_target":""},"yoast_head":"<!-- This site is optimized with the Yoast SEO plugin v17.5 - https:\/\/yoast.com\/wordpress\/plugins\/seo\/ -->\n<title>Seminarios 2021\/22 - Master Universitario en Rob\u00f3tica<\/title>\n<meta name=\"robots\" content=\"index, follow, max-snippet:-1, max-image-preview:large, max-video-preview:-1\" \/>\n<link rel=\"canonical\" href=\"https:\/\/masterrobotica.umh.es\/es\/seminarios-y-conferencias\/seminarios-202122\/\" \/>\n<meta property=\"og:locale\" content=\"es_ES\" \/>\n<meta property=\"og:type\" content=\"article\" \/>\n<meta property=\"og:title\" content=\"[:es]Seminarios 2021\/22[:] - Master Universitario en Rob\u00f3tica\" \/>\n<meta property=\"og:description\" content=\"Industrial Robotic Systems versus Collaborative Robots &#8211; challenges for the industry (jueves 12 de\u00a0mayo de 2022) Planificaci\u00f3n El\u00a0jueves 12 de mayo de 2022 a las 17:30 en el\u00a0sal\u00f3n de Grados del Edificio INNOVA (campus de Elche), se impartir\u00e1 la conferencia\u00a0\u00abIndustrial Robotic Systems versus\u00a0Collaborative Robots &#8211; challenges for the industry\u00bb a cargo del Dr.\u00a0Nuno M. Fonseca [&hellip;]\" \/>\n<meta property=\"og:url\" content=\"https:\/\/masterrobotica.umh.es\/es\/seminarios-y-conferencias\/seminarios-202122\/\" \/>\n<meta property=\"og:site_name\" content=\"Master Universitario en Rob\u00f3tica\" \/>\n<meta property=\"article:modified_time\" content=\"2022-10-10T14:43:04+00:00\" \/>\n<meta property=\"og:image\" content=\"http:\/\/masterrobotica.umh.es\/files\/2018\/10\/foto_Nuno.png\" \/>\n<meta name=\"twitter:card\" content=\"summary\" \/>\n<meta name=\"twitter:site\" content=\"@MRoboticaUMH\" \/>\n<meta name=\"twitter:label1\" content=\"Tiempo de lectura\" \/>\n\t<meta name=\"twitter:data1\" content=\"11 minutos\" \/>\n<script type=\"application\/ld+json\" class=\"yoast-schema-graph\">{\"@context\":\"https:\/\/schema.org\",\"@graph\":[{\"@type\":\"Organization\",\"@id\":\"https:\/\/masterrobotica.umh.es\/es\/#organization\",\"name\":\"Universidad Miguel Hern\\u00e1ndez de Elche\",\"url\":\"https:\/\/masterrobotica.umh.es\/es\/\",\"sameAs\":[\"https:\/\/twitter.com\/MRoboticaUMH\"],\"logo\":{\"@type\":\"ImageObject\",\"@id\":\"https:\/\/masterrobotica.umh.es\/es\/#logo\",\"inLanguage\":\"es\",\"url\":\"http:\/\/masterrobotica.umh.es\/files\/2017\/04\/logo-umh.jpg\",\"contentUrl\":\"http:\/\/masterrobotica.umh.es\/files\/2017\/04\/logo-umh.jpg\",\"width\":328,\"height\":100,\"caption\":\"Universidad Miguel Hern\\u00e1ndez de Elche\"},\"image\":{\"@id\":\"https:\/\/masterrobotica.umh.es\/es\/#logo\"}},{\"@type\":\"WebSite\",\"@id\":\"https:\/\/masterrobotica.umh.es\/es\/#website\",\"url\":\"https:\/\/masterrobotica.umh.es\/es\/\",\"name\":\"Master Universitario en Rob\\u00f3tica\",\"description\":\"Universidad Miguel Hern\\u00e1ndez\",\"publisher\":{\"@id\":\"https:\/\/masterrobotica.umh.es\/es\/#organization\"},\"potentialAction\":[{\"@type\":\"SearchAction\",\"target\":{\"@type\":\"EntryPoint\",\"urlTemplate\":\"https:\/\/masterrobotica.umh.es\/es\/?s={search_term_string}\"},\"query-input\":\"required name=search_term_string\"}],\"inLanguage\":\"es\"},{\"@type\":\"ImageObject\",\"@id\":\"https:\/\/masterrobotica.umh.es\/es\/seminarios-y-conferencias\/seminarios-202122\/#primaryimage\",\"inLanguage\":\"es\",\"url\":\"http:\/\/masterrobotica.umh.es\/files\/2018\/10\/foto_Nuno.png\",\"contentUrl\":\"http:\/\/masterrobotica.umh.es\/files\/2018\/10\/foto_Nuno.png\"},{\"@type\":\"WebPage\",\"@id\":\"https:\/\/masterrobotica.umh.es\/es\/seminarios-y-conferencias\/seminarios-202122\/#webpage\",\"url\":\"https:\/\/masterrobotica.umh.es\/es\/seminarios-y-conferencias\/seminarios-202122\/\",\"name\":\"[:es]Seminarios 2021\/22[:] - Master Universitario en Rob\\u00f3tica\",\"isPartOf\":{\"@id\":\"https:\/\/masterrobotica.umh.es\/es\/#website\"},\"primaryImageOfPage\":{\"@id\":\"https:\/\/masterrobotica.umh.es\/es\/seminarios-y-conferencias\/seminarios-202122\/#primaryimage\"},\"datePublished\":\"2022-02-15T12:09:41+00:00\",\"dateModified\":\"2022-10-10T14:43:04+00:00\",\"breadcrumb\":{\"@id\":\"https:\/\/masterrobotica.umh.es\/es\/seminarios-y-conferencias\/seminarios-202122\/#breadcrumb\"},\"inLanguage\":\"es\",\"potentialAction\":[{\"@type\":\"ReadAction\",\"target\":[\"https:\/\/masterrobotica.umh.es\/es\/seminarios-y-conferencias\/seminarios-202122\/\"]}]},{\"@type\":\"BreadcrumbList\",\"@id\":\"https:\/\/masterrobotica.umh.es\/es\/seminarios-y-conferencias\/seminarios-202122\/#breadcrumb\",\"itemListElement\":[{\"@type\":\"ListItem\",\"position\":1,\"name\":\"Portada\",\"item\":\"https:\/\/masterrobotica.umh.es\/es\/\"},{\"@type\":\"ListItem\",\"position\":2,\"name\":\"Tec. Emergentes Inv. Robotica\",\"item\":\"https:\/\/masterrobotica.umh.es\/es\/seminarios-y-conferencias\/\"},{\"@type\":\"ListItem\",\"position\":3,\"name\":\"Seminarios 2021\/22\"}]}]}<\/script>\n<!-- \/ Yoast SEO plugin. -->","yoast_head_json":{"title":"[:es]Seminarios 2021\/22[:] - Master Universitario en Rob\u00f3tica","robots":{"index":"index","follow":"follow","max-snippet":"max-snippet:-1","max-image-preview":"max-image-preview:large","max-video-preview":"max-video-preview:-1"},"canonical":"https:\/\/masterrobotica.umh.es\/es\/seminarios-y-conferencias\/seminarios-202122\/","og_locale":"es_ES","og_type":"article","og_title":"[:es]Seminarios 2021\/22[:] - Master Universitario en Rob\u00f3tica","og_description":"Industrial Robotic Systems versus Collaborative Robots &#8211; challenges for the industry (jueves 12 de\u00a0mayo de 2022) Planificaci\u00f3n El\u00a0jueves 12 de mayo de 2022 a las 17:30 en el\u00a0sal\u00f3n de Grados del Edificio INNOVA (campus de Elche), se impartir\u00e1 la conferencia\u00a0\u00abIndustrial Robotic Systems versus\u00a0Collaborative Robots &#8211; challenges for the industry\u00bb a cargo del Dr.\u00a0Nuno M. Fonseca [&hellip;]","og_url":"https:\/\/masterrobotica.umh.es\/es\/seminarios-y-conferencias\/seminarios-202122\/","og_site_name":"Master Universitario en Rob\u00f3tica","article_modified_time":"2022-10-10T14:43:04+00:00","og_image":[{"url":"http:\/\/masterrobotica.umh.es\/files\/2018\/10\/foto_Nuno.png"}],"twitter_card":"summary","twitter_site":"@MRoboticaUMH","twitter_misc":{"Tiempo de lectura":"11 minutos"},"schema":{"@context":"https:\/\/schema.org","@graph":[{"@type":"Organization","@id":"https:\/\/masterrobotica.umh.es\/es\/#organization","name":"Universidad Miguel Hern\u00e1ndez de Elche","url":"https:\/\/masterrobotica.umh.es\/es\/","sameAs":["https:\/\/twitter.com\/MRoboticaUMH"],"logo":{"@type":"ImageObject","@id":"https:\/\/masterrobotica.umh.es\/es\/#logo","inLanguage":"es","url":"http:\/\/masterrobotica.umh.es\/files\/2017\/04\/logo-umh.jpg","contentUrl":"http:\/\/masterrobotica.umh.es\/files\/2017\/04\/logo-umh.jpg","width":328,"height":100,"caption":"Universidad Miguel Hern\u00e1ndez de Elche"},"image":{"@id":"https:\/\/masterrobotica.umh.es\/es\/#logo"}},{"@type":"WebSite","@id":"https:\/\/masterrobotica.umh.es\/es\/#website","url":"https:\/\/masterrobotica.umh.es\/es\/","name":"Master Universitario en Rob\u00f3tica","description":"Universidad Miguel Hern\u00e1ndez","publisher":{"@id":"https:\/\/masterrobotica.umh.es\/es\/#organization"},"potentialAction":[{"@type":"SearchAction","target":{"@type":"EntryPoint","urlTemplate":"https:\/\/masterrobotica.umh.es\/es\/?s={search_term_string}"},"query-input":"required name=search_term_string"}],"inLanguage":"es"},{"@type":"ImageObject","@id":"https:\/\/masterrobotica.umh.es\/es\/seminarios-y-conferencias\/seminarios-202122\/#primaryimage","inLanguage":"es","url":"http:\/\/masterrobotica.umh.es\/files\/2018\/10\/foto_Nuno.png","contentUrl":"http:\/\/masterrobotica.umh.es\/files\/2018\/10\/foto_Nuno.png"},{"@type":"WebPage","@id":"https:\/\/masterrobotica.umh.es\/es\/seminarios-y-conferencias\/seminarios-202122\/#webpage","url":"https:\/\/masterrobotica.umh.es\/es\/seminarios-y-conferencias\/seminarios-202122\/","name":"[:es]Seminarios 2021\/22[:] - Master Universitario en Rob\u00f3tica","isPartOf":{"@id":"https:\/\/masterrobotica.umh.es\/es\/#website"},"primaryImageOfPage":{"@id":"https:\/\/masterrobotica.umh.es\/es\/seminarios-y-conferencias\/seminarios-202122\/#primaryimage"},"datePublished":"2022-02-15T12:09:41+00:00","dateModified":"2022-10-10T14:43:04+00:00","breadcrumb":{"@id":"https:\/\/masterrobotica.umh.es\/es\/seminarios-y-conferencias\/seminarios-202122\/#breadcrumb"},"inLanguage":"es","potentialAction":[{"@type":"ReadAction","target":["https:\/\/masterrobotica.umh.es\/es\/seminarios-y-conferencias\/seminarios-202122\/"]}]},{"@type":"BreadcrumbList","@id":"https:\/\/masterrobotica.umh.es\/es\/seminarios-y-conferencias\/seminarios-202122\/#breadcrumb","itemListElement":[{"@type":"ListItem","position":1,"name":"Portada","item":"https:\/\/masterrobotica.umh.es\/es\/"},{"@type":"ListItem","position":2,"name":"Tec. Emergentes Inv. Robotica","item":"https:\/\/masterrobotica.umh.es\/es\/seminarios-y-conferencias\/"},{"@type":"ListItem","position":3,"name":"Seminarios 2021\/22"}]}]}},"_links":{"self":[{"href":"https:\/\/masterrobotica.umh.es\/es\/wp-json\/wp\/v2\/pages\/3087"}],"collection":[{"href":"https:\/\/masterrobotica.umh.es\/es\/wp-json\/wp\/v2\/pages"}],"about":[{"href":"https:\/\/masterrobotica.umh.es\/es\/wp-json\/wp\/v2\/types\/page"}],"author":[{"embeddable":true,"href":"https:\/\/masterrobotica.umh.es\/es\/wp-json\/wp\/v2\/users\/185"}],"replies":[{"embeddable":true,"href":"https:\/\/masterrobotica.umh.es\/es\/wp-json\/wp\/v2\/comments?post=3087"}],"version-history":[{"count":0,"href":"https:\/\/masterrobotica.umh.es\/es\/wp-json\/wp\/v2\/pages\/3087\/revisions"}],"up":[{"embeddable":true,"href":"https:\/\/masterrobotica.umh.es\/es\/wp-json\/wp\/v2\/pages\/172"}],"wp:attachment":[{"href":"https:\/\/masterrobotica.umh.es\/es\/wp-json\/wp\/v2\/media?parent=3087"}],"curies":[{"name":"wp","href":"https:\/\/api.w.org\/{rel}","templated":true}]}}