{"id":67,"date":"2016-05-18T17:25:40","date_gmt":"2016-05-18T17:25:40","guid":{"rendered":"http:\/\/masterrobotica.umh.es\/?page_id=67"},"modified":"2021-03-02T21:33:36","modified_gmt":"2021-03-02T21:33:36","slug":"doctorado","status":"publish","type":"page","link":"https:\/\/masterrobotica.umh.es\/es\/doctorado\/","title":{"rendered":"Doctorado"},"content":{"rendered":"<p><\/p>\n<div id=\"stcpDiv\">\n<p>El alumnado que haya realizado el <strong>M\u00e1ster en Rob\u00f3tica<\/strong> de la <strong>Universidad Miguel Hern\u00e1ndez de Elche<\/strong> (<a href=\"http:\/\/www.umh.es\/\" target=\"_blank\"><strong>UMH<\/strong>)<\/a>\u00a0y quiera desarrollar una\u00a0<strong>carrera investigadora\u00a0<\/strong>tiene <strong>acceso directo al nuevo programa de doctorado<\/strong> sin necesidad de realizar complementos de formaci\u00f3n espec\u00edficos para aquellos alumnos que accedan con una titulaci\u00f3n de al menos 240 cr\u00e9ditos.<\/p>\n<p>No obstante lo anterior, la matr\u00edcula al Doctorado s\u00ed requiere la realizaci\u00f3n de 6 cr\u00e9ditos de Bases de la Investigaci\u00f3n Cient\u00edfica (<a href=\"http:\/\/umh0002pd.edu.umh.es\">http:\/\/umh0002pd.edu.umh.es\/)<\/a>. Estos cr\u00e9ditos se ofrecen en la UMH como un curso online dos veces al a\u00f1o, que puede cursarse simult\u00e1neamente a la realizaci\u00f3n del M\u00e1ster.<\/p>\n<p>El<b><a href=\"http:\/\/www.umh.es\/contenido\/Estudiantes\/:tit_d_223\/datos_es.html\" target=\"_blank\"> Programa de Doctorado en Tecnolog\u00edas Industriales y de Telecomunicaci\u00f3n<\/a>,\u00a0<\/b> supone la posibilidad importante de futuro para formar a un alumnado que proyecte el desarrollo de la investigaci\u00f3n avanzada y competitiva. En el programa confluyen investigadores de Escuela Polit\u00e9cnica Superior de Elche &#8211; EPSE, perteneciente a la Universidad Miguel Hern\u00e1ndez &#8211; UMH..<\/p>\n<p>Consulta las l\u00edneas de investigaci\u00f3n, el proceso de acceso y admisi\u00f3n, las actividades formativas y los complementos formativos,\u00a0<strong><a href=\"http:\/\/www.umh.es\/contenido\/Estudiantes\/:tit_d_223\/datos_es.html\" target=\"_blank\">aqu\u00ed<\/a><\/strong>.<\/p>\n<p>M\u00e1s informaci\u00f3n <a href=\"http:\/\/tecnit.edu.umh.es\/\" target=\"_blank\">http:\/\/tecnit.edu.umh.es\/<\/a><\/p>\n<\/div>\n<p><\/p>","protected":false},"excerpt":{"rendered":"<p>El alumnado que haya realizado el M\u00e1ster en Rob\u00f3tica de la Universidad Miguel Hern\u00e1ndez de Elche (UMH)\u00a0y quiera desarrollar una\u00a0carrera investigadora\u00a0tiene acceso directo al nuevo programa de doctorado sin necesidad de realizar complementos de formaci\u00f3n espec\u00edficos para aquellos alumnos que accedan con una titulaci\u00f3n de al menos 240 cr\u00e9ditos. No obstante lo anterior, la matr\u00edcula [&hellip;]<\/p>\n","protected":false},"author":185,"featured_media":0,"parent":0,"menu_order":8,"comment_status":"closed","ping_status":"closed","template":"","meta":{"_et_pb_use_builder":"","_et_pb_old_content":"","_et_gb_content_width":"","_links_to":"","_links_to_target":""},"yoast_head":"<!-- This site is optimized with the Yoast SEO plugin v17.5 - https:\/\/yoast.com\/wordpress\/plugins\/seo\/ -->\n<title>Doctorado - Master Universitario en Rob\u00f3tica<\/title>\n<meta name=\"robots\" content=\"index, follow, max-snippet:-1, max-image-preview:large, max-video-preview:-1\" \/>\n<link rel=\"canonical\" href=\"https:\/\/masterrobotica.umh.es\/es\/doctorado\/\" \/>\n<meta property=\"og:locale\" content=\"es_ES\" \/>\n<meta property=\"og:type\" content=\"article\" \/>\n<meta property=\"og:title\" content=\"[:es]Doctorado[:en]Doctorate[:] - Master Universitario en Rob\u00f3tica\" \/>\n<meta property=\"og:description\" content=\"El alumnado que haya realizado el M\u00e1ster en Rob\u00f3tica de la Universidad Miguel Hern\u00e1ndez de Elche (UMH)\u00a0y quiera desarrollar una\u00a0carrera investigadora\u00a0tiene acceso directo al nuevo programa de doctorado sin necesidad de realizar complementos de formaci\u00f3n espec\u00edficos para aquellos alumnos que accedan con una titulaci\u00f3n de al menos 240 cr\u00e9ditos. No obstante lo anterior, la matr\u00edcula [&hellip;]\" \/>\n<meta property=\"og:url\" content=\"https:\/\/masterrobotica.umh.es\/es\/doctorado\/\" \/>\n<meta property=\"og:site_name\" content=\"Master Universitario en Rob\u00f3tica\" \/>\n<meta property=\"article:modified_time\" content=\"2021-03-02T21:33:36+00:00\" \/>\n<meta name=\"twitter:card\" content=\"summary\" \/>\n<meta name=\"twitter:site\" content=\"@MRoboticaUMH\" \/>\n<meta name=\"twitter:label1\" content=\"Tiempo de lectura\" \/>\n\t<meta name=\"twitter:data1\" content=\"2 minutos\" \/>\n<script type=\"application\/ld+json\" class=\"yoast-schema-graph\">{\"@context\":\"https:\/\/schema.org\",\"@graph\":[{\"@type\":\"Organization\",\"@id\":\"https:\/\/masterrobotica.umh.es\/es\/#organization\",\"name\":\"Universidad Miguel Hern\\u00e1ndez de Elche\",\"url\":\"https:\/\/masterrobotica.umh.es\/es\/\",\"sameAs\":[\"https:\/\/twitter.com\/MRoboticaUMH\"],\"logo\":{\"@type\":\"ImageObject\",\"@id\":\"https:\/\/masterrobotica.umh.es\/es\/#logo\",\"inLanguage\":\"es\",\"url\":\"http:\/\/masterrobotica.umh.es\/files\/2017\/04\/logo-umh.jpg\",\"contentUrl\":\"http:\/\/masterrobotica.umh.es\/files\/2017\/04\/logo-umh.jpg\",\"width\":328,\"height\":100,\"caption\":\"Universidad Miguel Hern\\u00e1ndez de Elche\"},\"image\":{\"@id\":\"https:\/\/masterrobotica.umh.es\/es\/#logo\"}},{\"@type\":\"WebSite\",\"@id\":\"https:\/\/masterrobotica.umh.es\/es\/#website\",\"url\":\"https:\/\/masterrobotica.umh.es\/es\/\",\"name\":\"Master Universitario en Rob\\u00f3tica\",\"description\":\"Universidad Miguel Hern\\u00e1ndez\",\"publisher\":{\"@id\":\"https:\/\/masterrobotica.umh.es\/es\/#organization\"},\"potentialAction\":[{\"@type\":\"SearchAction\",\"target\":{\"@type\":\"EntryPoint\",\"urlTemplate\":\"https:\/\/masterrobotica.umh.es\/es\/?s={search_term_string}\"},\"query-input\":\"required name=search_term_string\"}],\"inLanguage\":\"es\"},{\"@type\":\"WebPage\",\"@id\":\"https:\/\/masterrobotica.umh.es\/es\/doctorado\/#webpage\",\"url\":\"https:\/\/masterrobotica.umh.es\/es\/doctorado\/\",\"name\":\"[:es]Doctorado[:en]Doctorate[:] - Master Universitario en Rob\\u00f3tica\",\"isPartOf\":{\"@id\":\"https:\/\/masterrobotica.umh.es\/es\/#website\"},\"datePublished\":\"2016-05-18T17:25:40+00:00\",\"dateModified\":\"2021-03-02T21:33:36+00:00\",\"breadcrumb\":{\"@id\":\"https:\/\/masterrobotica.umh.es\/es\/doctorado\/#breadcrumb\"},\"inLanguage\":\"es\",\"potentialAction\":[{\"@type\":\"ReadAction\",\"target\":[\"https:\/\/masterrobotica.umh.es\/es\/doctorado\/\"]}]},{\"@type\":\"BreadcrumbList\",\"@id\":\"https:\/\/masterrobotica.umh.es\/es\/doctorado\/#breadcrumb\",\"itemListElement\":[{\"@type\":\"ListItem\",\"position\":1,\"name\":\"Portada\",\"item\":\"https:\/\/masterrobotica.umh.es\/es\/\"},{\"@type\":\"ListItem\",\"position\":2,\"name\":\"Doctorado\"}]}]}<\/script>\n<!-- \/ Yoast SEO plugin. -->","yoast_head_json":{"title":"[:es]Doctorado[:en]Doctorate[:] - Master Universitario en Rob\u00f3tica","robots":{"index":"index","follow":"follow","max-snippet":"max-snippet:-1","max-image-preview":"max-image-preview:large","max-video-preview":"max-video-preview:-1"},"canonical":"https:\/\/masterrobotica.umh.es\/es\/doctorado\/","og_locale":"es_ES","og_type":"article","og_title":"[:es]Doctorado[:en]Doctorate[:] - Master Universitario en Rob\u00f3tica","og_description":"El alumnado que haya realizado el M\u00e1ster en Rob\u00f3tica de la Universidad Miguel Hern\u00e1ndez de Elche (UMH)\u00a0y quiera desarrollar una\u00a0carrera investigadora\u00a0tiene acceso directo al nuevo programa de doctorado sin necesidad de realizar complementos de formaci\u00f3n espec\u00edficos para aquellos alumnos que accedan con una titulaci\u00f3n de al menos 240 cr\u00e9ditos. No obstante lo anterior, la matr\u00edcula [&hellip;]","og_url":"https:\/\/masterrobotica.umh.es\/es\/doctorado\/","og_site_name":"Master Universitario en Rob\u00f3tica","article_modified_time":"2021-03-02T21:33:36+00:00","twitter_card":"summary","twitter_site":"@MRoboticaUMH","twitter_misc":{"Tiempo de lectura":"2 minutos"},"schema":{"@context":"https:\/\/schema.org","@graph":[{"@type":"Organization","@id":"https:\/\/masterrobotica.umh.es\/es\/#organization","name":"Universidad Miguel Hern\u00e1ndez de Elche","url":"https:\/\/masterrobotica.umh.es\/es\/","sameAs":["https:\/\/twitter.com\/MRoboticaUMH"],"logo":{"@type":"ImageObject","@id":"https:\/\/masterrobotica.umh.es\/es\/#logo","inLanguage":"es","url":"http:\/\/masterrobotica.umh.es\/files\/2017\/04\/logo-umh.jpg","contentUrl":"http:\/\/masterrobotica.umh.es\/files\/2017\/04\/logo-umh.jpg","width":328,"height":100,"caption":"Universidad Miguel Hern\u00e1ndez de Elche"},"image":{"@id":"https:\/\/masterrobotica.umh.es\/es\/#logo"}},{"@type":"WebSite","@id":"https:\/\/masterrobotica.umh.es\/es\/#website","url":"https:\/\/masterrobotica.umh.es\/es\/","name":"Master Universitario en Rob\u00f3tica","description":"Universidad Miguel Hern\u00e1ndez","publisher":{"@id":"https:\/\/masterrobotica.umh.es\/es\/#organization"},"potentialAction":[{"@type":"SearchAction","target":{"@type":"EntryPoint","urlTemplate":"https:\/\/masterrobotica.umh.es\/es\/?s={search_term_string}"},"query-input":"required name=search_term_string"}],"inLanguage":"es"},{"@type":"WebPage","@id":"https:\/\/masterrobotica.umh.es\/es\/doctorado\/#webpage","url":"https:\/\/masterrobotica.umh.es\/es\/doctorado\/","name":"[:es]Doctorado[:en]Doctorate[:] - Master Universitario en Rob\u00f3tica","isPartOf":{"@id":"https:\/\/masterrobotica.umh.es\/es\/#website"},"datePublished":"2016-05-18T17:25:40+00:00","dateModified":"2021-03-02T21:33:36+00:00","breadcrumb":{"@id":"https:\/\/masterrobotica.umh.es\/es\/doctorado\/#breadcrumb"},"inLanguage":"es","potentialAction":[{"@type":"ReadAction","target":["https:\/\/masterrobotica.umh.es\/es\/doctorado\/"]}]},{"@type":"BreadcrumbList","@id":"https:\/\/masterrobotica.umh.es\/es\/doctorado\/#breadcrumb","itemListElement":[{"@type":"ListItem","position":1,"name":"Portada","item":"https:\/\/masterrobotica.umh.es\/es\/"},{"@type":"ListItem","position":2,"name":"Doctorado"}]}]}},"_links":{"self":[{"href":"https:\/\/masterrobotica.umh.es\/es\/wp-json\/wp\/v2\/pages\/67"}],"collection":[{"href":"https:\/\/masterrobotica.umh.es\/es\/wp-json\/wp\/v2\/pages"}],"about":[{"href":"https:\/\/masterrobotica.umh.es\/es\/wp-json\/wp\/v2\/types\/page"}],"author":[{"embeddable":true,"href":"https:\/\/masterrobotica.umh.es\/es\/wp-json\/wp\/v2\/users\/185"}],"replies":[{"embeddable":true,"href":"https:\/\/masterrobotica.umh.es\/es\/wp-json\/wp\/v2\/comments?post=67"}],"version-history":[{"count":0,"href":"https:\/\/masterrobotica.umh.es\/es\/wp-json\/wp\/v2\/pages\/67\/revisions"}],"wp:attachment":[{"href":"https:\/\/masterrobotica.umh.es\/es\/wp-json\/wp\/v2\/media?parent=67"}],"curies":[{"name":"wp","href":"https:\/\/api.w.org\/{rel}","templated":true}]}}